{"id":84,"date":"2023-06-02T11:07:03","date_gmt":"2023-06-02T11:07:03","guid":{"rendered":"https:\/\/primrosecajevi.rs\/?post_type=product&#038;p=84"},"modified":"2026-03-03T08:39:01","modified_gmt":"2026-03-03T08:39:01","slug":"caj-za-mrsavljenje","status":"publish","type":"product","link":"https:\/\/primrosecajevi.rs\/en\/product\/caj-za-mrsavljenje\/","title":{"rendered":"\u010daj za MR\u0160AVLJENJE"},"content":{"rendered":"<p>Prim Rose \u010daj za mr\u0161avljenje nije sam obi\u010dan \u010daj za mr\u0161avljenje! Povoljno deluju i na metabolizam regulisanjem varenja, eliminisanjem gasova, regulisanjem stolice. Olak\u0161avanjem izmokravanja i lu\u010denja znoja, ubrzava se eliminacija \u0161tetnih produkata.<\/p>\n<p data-start=\"115\" data-end=\"419\">\ud83c\udf75 <strong data-start=\"118\" data-end=\"150\">PRIM ROSE \u010daj za mr\u0161avljenje<\/strong><br data-start=\"150\" data-end=\"153\" \/>Vi\u0161ak kilograma \u010desto je posledica usporenog metabolizma, zadr\u017eavanja vode i toksina u organizmu. PRIM ROSE \u010daj za mr\u0161avljenje poma\u017ee telu da ubrza varenje, elimini\u0161e vi\u0161ak te\u010dnosti i prirodno podstakne topljenje masnih naslaga, vra\u0107aju\u0107i ose\u0107aj lako\u0107e i energije.<\/p>\n<p data-start=\"421\" data-end=\"842\">\u2728 <strong data-start=\"423\" data-end=\"479\">Dodatna podr\u0161ka \u2013 PRIM ROSE Elixir u maslinovom ulju<\/strong><br data-start=\"479\" data-end=\"482\" \/>Za sna\u017enije rezultate uz \u010daj preporu\u010duje se i <a class=\"decorated-link\" href=\"https:\/\/primrosecajevi.rs\/product\/prim-rose-elixir-u-maslinovom-ulju\/\" target=\"_new\" rel=\"noopener\" data-start=\"528\" data-end=\"635\">PRIM ROSE Elixir u maslinovom ulju<\/a>. Njegova jedinstvena biljna formula podsti\u010de \u010di\u0161\u0107enje creva, obnavlja jetru i poma\u017ee telu da uspostavi zdravu crevnu floru. U kombinaciji sa \u010dajem deluje kao prirodni pokreta\u010d detoksikacije i mr\u0161avljenja.<\/p>\n<p>&nbsp;<\/p>\n<p>&nbsp;<\/p>\n","protected":false},"excerpt":{"rendered":"<h3 class=\"\" data-start=\"0\" data-end=\"73\"><strong data-start=\"4\" data-end=\"71\">PRIM ROSE \u010cAJ ZA MR\u0160AVLJENJE \u2013 PRIRODNA PODR\u0160KA ZA VITKU LINIJU<\/strong><\/h3>\n<p class=\"\" data-start=\"75\" data-end=\"300\"><strong data-start=\"75\" data-end=\"143\">Zaboravite na iscrpljuju\u0107e dijete i nezdrave metode mr\u0161avljenja!<\/strong> Ako \u017eelite da <strong data-start=\"158\" data-end=\"240\">na zdrav na\u010din izgubite vi\u0161ak kilograma, ubrzate metabolizam i smanjite apetit<\/strong>, PRIM ROSE \u010daj za MR\u0160AVLJENJE je savr\u0161eno re\u0161enje za vas.<\/p>\n<h3 class=\"\" data-start=\"302\" data-end=\"360\"><strong data-start=\"306\" data-end=\"358\">Za\u0161to je PRIM ROSE \u010daj za MR\u0160AVLJENJE druga\u010diji?<\/strong><\/h3>\n<p class=\"\" data-start=\"361\" data-end=\"517\">Ovo nije jo\u0161 jedan obi\u010dan \u010daj za mr\u0161avljenje! Zahvaljuju\u0107i pa\u017eljivo odabranim <strong data-start=\"439\" data-end=\"461\">organskim biljkama<\/strong>, deluje <strong data-start=\"470\" data-end=\"486\">sveobuhvatno<\/strong> na proces gubitka kilograma:<\/p>\n<p class=\"\" data-start=\"519\" data-end=\"993\">\u2705 <strong data-start=\"521\" data-end=\"544\">Ubrzava metabolizam<\/strong> \u2013 poma\u017ee telu da br\u017ee sagoreva kalorije<br data-start=\"584\" data-end=\"587\" \/>\u2705 <strong data-start=\"589\" data-end=\"608\">Smanjuje apetit<\/strong> \u2013 spre\u010dava napade gladi i prejedanje<br data-start=\"645\" data-end=\"648\" \/>\u2705 <strong data-start=\"650\" data-end=\"672\">Pobolj\u0161ava varenje<\/strong> \u2013 reguli\u0161e stolicu i elimini\u0161e nadutost<br data-start=\"712\" data-end=\"715\" \/>\u2705 <strong data-start=\"717\" data-end=\"743\">Podsti\u010de detoksikaciju<\/strong> \u2013 olak\u0161ava izmokravanje i znojenje, \u010dime se izbacuju toksini<br data-start=\"804\" data-end=\"807\" \/>\u2705 <strong data-start=\"809\" data-end=\"842\">Smanjuje zadr\u017eavanje te\u010dnosti<\/strong> \u2013 poma\u017ee u eliminaciji vi\u0161ka vode iz organizma<br data-start=\"889\" data-end=\"892\" \/>\u2705 <strong data-start=\"894\" data-end=\"923\">Pru\u017ea dugoro\u010dne rezultate<\/strong> \u2013 ne samo gubitak kilograma, ve\u0107 i <strong data-start=\"959\" data-end=\"991\">bolji balans tela i zdravlja<\/strong><\/p>\n<h3 class=\"\" data-start=\"995\" data-end=\"1045\"><strong data-start=\"999\" data-end=\"1043\">Kako PRIM ROSE \u010daj poma\u017ee u mr\u0161avljenju?<\/strong><\/h3>\n<p class=\"\" data-start=\"1046\" data-end=\"1373\">\ud83d\udd25 <strong data-start=\"1049\" data-end=\"1078\">Pokre\u0107e sagorevanje masti<\/strong> \u2013 aktivira prirodne procese razgradnje masnih naslaga<br data-start=\"1132\" data-end=\"1135\" \/>\ud83d\udca7 <strong data-start=\"1138\" data-end=\"1165\">Poma\u017ee detoks organizmu<\/strong> \u2013 \u010disti telo od toksina koji usporavaju metabolizam<br data-start=\"1217\" data-end=\"1220\" \/>\ud83c\udf3f <strong data-start=\"1223\" data-end=\"1243\">Reguli\u0161e probavu<\/strong> \u2013 re\u0161ava problem zatvora i nadutosti<br data-start=\"1280\" data-end=\"1283\" \/>\u2696 <strong data-start=\"1285\" data-end=\"1314\">Doprinosi balansu hormona<\/strong> \u2013 klju\u010dnom faktoru za zdrav i efikasan gubitak kilograma<\/p>\n<h3 class=\"\" data-start=\"1375\" data-end=\"1413\"><strong data-start=\"1379\" data-end=\"1411\">Za koga je ovaj \u010daj idealan?<\/strong><\/h3>\n<p class=\"\" data-start=\"1414\" data-end=\"1628\">\u2714 Osobe koje \u017eele da <strong data-start=\"1435\" data-end=\"1461\">smr\u0161aju na zdrav na\u010din<\/strong><br data-start=\"1461\" data-end=\"1464\" \/>\u2714 One koje imaju <strong data-start=\"1481\" data-end=\"1519\">usporen metabolizam i lo\u0161u probavu<\/strong><br data-start=\"1519\" data-end=\"1522\" \/>\u2714 Ljude koji pate od <strong data-start=\"1543\" data-end=\"1575\">zadr\u017eavanja vode u organizmu<\/strong><br data-start=\"1575\" data-end=\"1578\" \/>\u2714 Sve koji \u017eele <strong data-start=\"1594\" data-end=\"1626\">bolji balans tela i energije<\/strong><\/p>\n<h3 class=\"\" data-start=\"1630\" data-end=\"1675\"><strong data-start=\"1634\" data-end=\"1673\">Za\u0161to PRIM ROSE \u010daj za MR\u0160AVLJENJE?<\/strong><\/h3>\n<p class=\"\" data-start=\"1676\" data-end=\"1875\">\ud83d\udc9a <strong data-start=\"1679\" data-end=\"1705\">100% prirodni sastojci<\/strong> \u2013 bez hemikalija i ve\u0161ta\u010dkih dodataka<br data-start=\"1743\" data-end=\"1746\" \/>\ud83d\udc69\u200d\u2695 <strong data-start=\"1751\" data-end=\"1806\">Kreiran od strane stru\u010dnjaka u oblasti fitoterapije<\/strong><br data-start=\"1806\" data-end=\"1809\" \/>\ud83d\udcde <strong data-start=\"1812\" data-end=\"1838\">Besplatne konsultacije<\/strong> \u2013 podr\u0161ka u postizanju va\u0161eg cilja<\/p>\n<p class=\"\" data-start=\"1877\" data-end=\"2025\">\ud83d\udc96 <strong data-start=\"1880\" data-end=\"1928\">Postignite idealnu figuru na prirodan na\u010din!<\/strong><br data-start=\"1928\" data-end=\"1931\" \/>\ud83d\udc49 <strong data-start=\"1934\" data-end=\"2025\" data-is-last-node=\"\">Poru\u010dite PRIM ROSE \u010daj za MR\u0160AVLJENJE ve\u0107 danas i krenite ka vitkijem i zdravijem telu!<\/strong><\/p>\n","protected":false},"featured_media":71,"comment_status":"open","ping_status":"closed","template":"","meta":{"site-sidebar-layout":"default","site-content-layout":"default","ast-site-content-layout":"default","site-content-style":"default","site-sidebar-style":"default","ast-global-header-display":"","ast-banner-title-visibility":"","ast-main-header-display":"","ast-hfb-above-header-display":"","ast-hfb-below-header-display":"","ast-hfb-mobile-header-display":"","site-post-title":"","ast-breadcrumbs-content":"","ast-featured-img":"","footer-sml-layout":"","theme-transparent-header-meta":"default","adv-header-id-meta":"","stick-header-meta":"","header-above-stick-meta":"","header-main-stick-meta":"","header-below-stick-meta":"","astra-migrate-meta-layouts":"set","ast-page-background-enabled":"default","ast-page-background-meta":{"desktop":{"background-color":"","background-image":"","background-repeat":"repeat","background-position":"center center","background-size":"auto","background-attachment":"scroll","background-type":"","background-media":"","overlay-type":"","overlay-color":"","overlay-opacity":"","overlay-gradient":""},"tablet":{"background-color":"","background-image":"","background-repeat":"repeat","background-position":"center center","background-size":"auto","background-attachment":"scroll","background-type":"","background-media":"","overlay-type":"","overlay-color":"","overlay-opacity":"","overlay-gradient":""},"mobile":{"background-color":"","background-image":"","background-repeat":"repeat","background-position":"center center","background-size":"auto","background-attachment":"scroll","background-type":"","background-media":"","overlay-type":"","overlay-color":"","overlay-opacity":"","overlay-gradient":""}},"ast-content-background-meta":{"desktop":{"background-color":"var(--ast-global-color-5)","background-image":"","background-repeat":"repeat","background-position":"center center","background-size":"auto","background-attachment":"scroll","background-type":"","background-media":"","overlay-type":"","overlay-color":"","overlay-opacity":"","overlay-gradient":""},"tablet":{"background-color":"var(--ast-global-color-5)","background-image":"","background-repeat":"repeat","background-position":"center center","background-size":"auto","background-attachment":"scroll","background-type":"","background-media":"","overlay-type":"","overlay-color":"","overlay-opacity":"","overlay-gradient":""},"mobile":{"background-color":"var(--ast-global-color-5)","background-image":"","background-repeat":"repeat","background-position":"center center","background-size":"auto","background-attachment":"scroll","background-type":"","background-media":"","overlay-type":"","overlay-color":"","overlay-opacity":"","overlay-gradient":""}}},"product_brand":[],"product_cat":[18],"product_tag":[],"class_list":{"0":"post-84","1":"product","2":"type-product","3":"status-publish","4":"has-post-thumbnail","6":"product_cat-cajevi","7":"desktop-align-center","8":"tablet-align-center","9":"mobile-align-center","11":"first","12":"instock","13":"shipping-taxable","14":"purchasable","15":"product-type-simple"},"yoast_head":"<!-- This site is optimized with the Yoast SEO plugin v27.4 - https:\/\/yoast.com\/product\/yoast-seo-wordpress\/ -->\n<title>Prim Rose \u010daj za MR\u0160AVLJENJE | detox i vitku liniju |<\/title>\n<meta name=\"description\" content=\"Prim Rose \u010daj za mr\u0161avljenje, smanjuje apetit i reguli\u0161e metabolizam. Olak\u0161avanjem izmokravanja i lu\u010denja znoja ubrzava se eliminacija \u0161tetnih produkata.\" \/>\n<meta name=\"robots\" content=\"index, follow, max-snippet:-1, max-image-preview:large, max-video-preview:-1\" \/>\n<link rel=\"canonical\" href=\"https:\/\/primrosecajevi.rs\/en\/product\/caj-za-mrsavljenje\/\" \/>\n<meta property=\"og:locale\" content=\"en_US\" \/>\n<meta property=\"og:type\" content=\"article\" \/>\n<meta property=\"og:title\" content=\"Prim Rose \u010daj za MR\u0160AVLJENJE | detox i vitku liniju |\" \/>\n<meta property=\"og:description\" content=\"Prim Rose \u010daj za mr\u0161avljenje, smanjuje apetit i reguli\u0161e metabolizam. Olak\u0161avanjem izmokravanja i lu\u010denja znoja ubrzava se eliminacija \u0161tetnih produkata.\" \/>\n<meta property=\"og:url\" content=\"https:\/\/primrosecajevi.rs\/en\/product\/caj-za-mrsavljenje\/\" \/>\n<meta property=\"og:site_name\" content=\"Prim Rose \u010cajevi\" \/>\n<meta property=\"article:publisher\" content=\"https:\/\/www.facebook.com\/primrose.subotica\/\" \/>\n<meta property=\"article:modified_time\" content=\"2026-03-03T08:39:01+00:00\" \/>\n<meta property=\"og:image\" content=\"https:\/\/primrosecajevi.rs\/wp-content\/uploads\/2023\/06\/05mrs.jpg\" \/>\n\t<meta property=\"og:image:width\" content=\"1080\" \/>\n\t<meta property=\"og:image:height\" content=\"1080\" \/>\n\t<meta property=\"og:image:type\" content=\"image\/jpeg\" \/>\n<meta name=\"twitter:card\" content=\"summary_large_image\" \/>\n<script type=\"application\/ld+json\" class=\"yoast-schema-graph\">{\"@context\":\"https:\\\/\\\/schema.org\",\"@graph\":[{\"@type\":\"WebPage\",\"@id\":\"https:\\\/\\\/primrosecajevi.rs\\\/product\\\/caj-za-mrsavljenje\\\/\",\"url\":\"https:\\\/\\\/primrosecajevi.rs\\\/product\\\/caj-za-mrsavljenje\\\/\",\"name\":\"Prim Rose \u010daj za MR\u0160AVLJENJE | detox i vitku liniju |\",\"isPartOf\":{\"@id\":\"https:\\\/\\\/primrosecajevi.rs\\\/#website\"},\"primaryImageOfPage\":{\"@id\":\"https:\\\/\\\/primrosecajevi.rs\\\/product\\\/caj-za-mrsavljenje\\\/#primaryimage\"},\"image\":{\"@id\":\"https:\\\/\\\/primrosecajevi.rs\\\/product\\\/caj-za-mrsavljenje\\\/#primaryimage\"},\"thumbnailUrl\":\"https:\\\/\\\/primrosecajevi.rs\\\/wp-content\\\/uploads\\\/2023\\\/06\\\/05mrs.jpg\",\"datePublished\":\"2023-06-02T11:07:03+00:00\",\"dateModified\":\"2026-03-03T08:39:01+00:00\",\"description\":\"Prim Rose \u010daj za mr\u0161avljenje, smanjuje apetit i reguli\u0161e metabolizam. Olak\u0161avanjem izmokravanja i lu\u010denja znoja ubrzava se eliminacija \u0161tetnih produkata.\",\"breadcrumb\":{\"@id\":\"https:\\\/\\\/primrosecajevi.rs\\\/product\\\/caj-za-mrsavljenje\\\/#breadcrumb\"},\"inLanguage\":\"en\",\"potentialAction\":[{\"@type\":\"ReadAction\",\"target\":[\"https:\\\/\\\/primrosecajevi.rs\\\/product\\\/caj-za-mrsavljenje\\\/\"]}]},{\"@type\":\"ImageObject\",\"inLanguage\":\"en\",\"@id\":\"https:\\\/\\\/primrosecajevi.rs\\\/product\\\/caj-za-mrsavljenje\\\/#primaryimage\",\"url\":\"https:\\\/\\\/primrosecajevi.rs\\\/wp-content\\\/uploads\\\/2023\\\/06\\\/05mrs.jpg\",\"contentUrl\":\"https:\\\/\\\/primrosecajevi.rs\\\/wp-content\\\/uploads\\\/2023\\\/06\\\/05mrs.jpg\",\"width\":1080,\"height\":1080},{\"@type\":\"BreadcrumbList\",\"@id\":\"https:\\\/\\\/primrosecajevi.rs\\\/product\\\/caj-za-mrsavljenje\\\/#breadcrumb\",\"itemListElement\":[{\"@type\":\"ListItem\",\"position\":1,\"name\":\"Home\",\"item\":\"https:\\\/\\\/primrosecajevi.rs\\\/\"},{\"@type\":\"ListItem\",\"position\":2,\"name\":\"Shop\",\"item\":\"https:\\\/\\\/primrosecajevi.rs\\\/shop-2\\\/\"},{\"@type\":\"ListItem\",\"position\":3,\"name\":\"\u010daj za MR\u0160AVLJENJE\"}]},{\"@type\":\"WebSite\",\"@id\":\"https:\\\/\\\/primrosecajevi.rs\\\/#website\",\"url\":\"https:\\\/\\\/primrosecajevi.rs\\\/\",\"name\":\"Prim Rose \u010cajevi\",\"description\":\"Prirodni put ka izle\u010denju\",\"publisher\":{\"@id\":\"https:\\\/\\\/primrosecajevi.rs\\\/#organization\"},\"alternateName\":\"Prim Rose Elixiri\",\"potentialAction\":[{\"@type\":\"SearchAction\",\"target\":{\"@type\":\"EntryPoint\",\"urlTemplate\":\"https:\\\/\\\/primrosecajevi.rs\\\/?s={search_term_string}\"},\"query-input\":{\"@type\":\"PropertyValueSpecification\",\"valueRequired\":true,\"valueName\":\"search_term_string\"}}],\"inLanguage\":\"en\"},{\"@type\":\"Organization\",\"@id\":\"https:\\\/\\\/primrosecajevi.rs\\\/#organization\",\"name\":\"Prim Rose Cajevi\",\"alternateName\":\"Prim Rose Elixiri\",\"url\":\"https:\\\/\\\/primrosecajevi.rs\\\/\",\"logo\":{\"@type\":\"ImageObject\",\"inLanguage\":\"en\",\"@id\":\"https:\\\/\\\/primrosecajevi.rs\\\/#\\\/schema\\\/logo\\\/image\\\/\",\"url\":\"https:\\\/\\\/primrosecajevi.rs\\\/wp-content\\\/uploads\\\/2023\\\/06\\\/logooooo-300x300-1.png\",\"contentUrl\":\"https:\\\/\\\/primrosecajevi.rs\\\/wp-content\\\/uploads\\\/2023\\\/06\\\/logooooo-300x300-1.png\",\"width\":300,\"height\":300,\"caption\":\"Prim Rose Cajevi\"},\"image\":{\"@id\":\"https:\\\/\\\/primrosecajevi.rs\\\/#\\\/schema\\\/logo\\\/image\\\/\"},\"sameAs\":[\"https:\\\/\\\/www.facebook.com\\\/primrose.subotica\\\/\",\"https:\\\/\\\/www.instagram.com\\\/primrosecajevi\\\/\"]}]}<\/script>\n<!-- \/ Yoast SEO plugin. -->","yoast_head_json":{"title":"Prim Rose \u010daj za MR\u0160AVLJENJE | detox i vitku liniju |","description":"Prim Rose \u010daj za mr\u0161avljenje, smanjuje apetit i reguli\u0161e metabolizam. Olak\u0161avanjem izmokravanja i lu\u010denja znoja ubrzava se eliminacija \u0161tetnih produkata.","robots":{"index":"index","follow":"follow","max-snippet":"max-snippet:-1","max-image-preview":"max-image-preview:large","max-video-preview":"max-video-preview:-1"},"canonical":"https:\/\/primrosecajevi.rs\/en\/product\/caj-za-mrsavljenje\/","og_locale":"en_US","og_type":"article","og_title":"Prim Rose \u010daj za MR\u0160AVLJENJE | detox i vitku liniju |","og_description":"Prim Rose \u010daj za mr\u0161avljenje, smanjuje apetit i reguli\u0161e metabolizam. Olak\u0161avanjem izmokravanja i lu\u010denja znoja ubrzava se eliminacija \u0161tetnih produkata.","og_url":"https:\/\/primrosecajevi.rs\/en\/product\/caj-za-mrsavljenje\/","og_site_name":"Prim Rose \u010cajevi","article_publisher":"https:\/\/www.facebook.com\/primrose.subotica\/","article_modified_time":"2026-03-03T08:39:01+00:00","og_image":[{"width":1080,"height":1080,"url":"https:\/\/primrosecajevi.rs\/wp-content\/uploads\/2023\/06\/05mrs.jpg","type":"image\/jpeg"}],"twitter_card":"summary_large_image","schema":{"@context":"https:\/\/schema.org","@graph":[{"@type":"WebPage","@id":"https:\/\/primrosecajevi.rs\/product\/caj-za-mrsavljenje\/","url":"https:\/\/primrosecajevi.rs\/product\/caj-za-mrsavljenje\/","name":"Prim Rose \u010daj za MR\u0160AVLJENJE | detox i vitku liniju |","isPartOf":{"@id":"https:\/\/primrosecajevi.rs\/#website"},"primaryImageOfPage":{"@id":"https:\/\/primrosecajevi.rs\/product\/caj-za-mrsavljenje\/#primaryimage"},"image":{"@id":"https:\/\/primrosecajevi.rs\/product\/caj-za-mrsavljenje\/#primaryimage"},"thumbnailUrl":"https:\/\/primrosecajevi.rs\/wp-content\/uploads\/2023\/06\/05mrs.jpg","datePublished":"2023-06-02T11:07:03+00:00","dateModified":"2026-03-03T08:39:01+00:00","description":"Prim Rose \u010daj za mr\u0161avljenje, smanjuje apetit i reguli\u0161e metabolizam. Olak\u0161avanjem izmokravanja i lu\u010denja znoja ubrzava se eliminacija \u0161tetnih produkata.","breadcrumb":{"@id":"https:\/\/primrosecajevi.rs\/product\/caj-za-mrsavljenje\/#breadcrumb"},"inLanguage":"en","potentialAction":[{"@type":"ReadAction","target":["https:\/\/primrosecajevi.rs\/product\/caj-za-mrsavljenje\/"]}]},{"@type":"ImageObject","inLanguage":"en","@id":"https:\/\/primrosecajevi.rs\/product\/caj-za-mrsavljenje\/#primaryimage","url":"https:\/\/primrosecajevi.rs\/wp-content\/uploads\/2023\/06\/05mrs.jpg","contentUrl":"https:\/\/primrosecajevi.rs\/wp-content\/uploads\/2023\/06\/05mrs.jpg","width":1080,"height":1080},{"@type":"BreadcrumbList","@id":"https:\/\/primrosecajevi.rs\/product\/caj-za-mrsavljenje\/#breadcrumb","itemListElement":[{"@type":"ListItem","position":1,"name":"Home","item":"https:\/\/primrosecajevi.rs\/"},{"@type":"ListItem","position":2,"name":"Shop","item":"https:\/\/primrosecajevi.rs\/shop-2\/"},{"@type":"ListItem","position":3,"name":"\u010daj za MR\u0160AVLJENJE"}]},{"@type":"WebSite","@id":"https:\/\/primrosecajevi.rs\/#website","url":"https:\/\/primrosecajevi.rs\/","name":"Prim Rose \u010cajevi","description":"Prirodni put ka izle\u010denju","publisher":{"@id":"https:\/\/primrosecajevi.rs\/#organization"},"alternateName":"Prim Rose Elixiri","potentialAction":[{"@type":"SearchAction","target":{"@type":"EntryPoint","urlTemplate":"https:\/\/primrosecajevi.rs\/?s={search_term_string}"},"query-input":{"@type":"PropertyValueSpecification","valueRequired":true,"valueName":"search_term_string"}}],"inLanguage":"en"},{"@type":"Organization","@id":"https:\/\/primrosecajevi.rs\/#organization","name":"Prim Rose Cajevi","alternateName":"Prim Rose Elixiri","url":"https:\/\/primrosecajevi.rs\/","logo":{"@type":"ImageObject","inLanguage":"en","@id":"https:\/\/primrosecajevi.rs\/#\/schema\/logo\/image\/","url":"https:\/\/primrosecajevi.rs\/wp-content\/uploads\/2023\/06\/logooooo-300x300-1.png","contentUrl":"https:\/\/primrosecajevi.rs\/wp-content\/uploads\/2023\/06\/logooooo-300x300-1.png","width":300,"height":300,"caption":"Prim Rose Cajevi"},"image":{"@id":"https:\/\/primrosecajevi.rs\/#\/schema\/logo\/image\/"},"sameAs":["https:\/\/www.facebook.com\/primrose.subotica\/","https:\/\/www.instagram.com\/primrosecajevi\/"]}]}},"_links":{"self":[{"href":"https:\/\/primrosecajevi.rs\/en\/wp-json\/wp\/v2\/product\/84","targetHints":{"allow":["GET"]}}],"collection":[{"href":"https:\/\/primrosecajevi.rs\/en\/wp-json\/wp\/v2\/product"}],"about":[{"href":"https:\/\/primrosecajevi.rs\/en\/wp-json\/wp\/v2\/types\/product"}],"replies":[{"embeddable":true,"href":"https:\/\/primrosecajevi.rs\/en\/wp-json\/wp\/v2\/comments?post=84"}],"wp:featuredmedia":[{"embeddable":true,"href":"https:\/\/primrosecajevi.rs\/en\/wp-json\/wp\/v2\/media\/71"}],"wp:attachment":[{"href":"https:\/\/primrosecajevi.rs\/en\/wp-json\/wp\/v2\/media?parent=84"}],"wp:term":[{"taxonomy":"product_brand","embeddable":true,"href":"https:\/\/primrosecajevi.rs\/en\/wp-json\/wp\/v2\/product_brand?post=84"},{"taxonomy":"product_cat","embeddable":true,"href":"https:\/\/primrosecajevi.rs\/en\/wp-json\/wp\/v2\/product_cat?post=84"},{"taxonomy":"product_tag","embeddable":true,"href":"https:\/\/primrosecajevi.rs\/en\/wp-json\/wp\/v2\/product_tag?post=84"}],"curies":[{"name":"wp","href":"https:\/\/api.w.org\/{rel}","templated":true}]}}