{"id":83,"date":"2023-06-02T11:06:28","date_gmt":"2023-06-02T11:06:28","guid":{"rendered":"https:\/\/primrosecajevi.rs\/?post_type=product&#038;p=83"},"modified":"2026-03-03T08:39:09","modified_gmt":"2026-03-03T08:39:09","slug":"caj-za-mokracne-organe","status":"publish","type":"product","link":"https:\/\/primrosecajevi.rs\/en\/product\/caj-za-mokracne-organe\/","title":{"rendered":"\u010daj za MOKRA\u0106NE ORGANE"},"content":{"rendered":"<p>Veliki broj pacijenata se bori sa upornom bakterijom Escherichia Coli i ako uzimaju terapiju sa antibioticima. Me\u0111utim ova bakterija dopire da najdubljih slojeva sluoko\u017ee i pravi pore unutar samog urinarnog trakta. Tamo se zadr\u017eava, tako re\u0107i \u2018\u2019ukopva se u rovove\u2019\u2019 zbog \u010dega \u010desto ostaje nedostupna delovanju uobi\u010dajnoj terapiji. Ono \u0161to se naj\u010de\u0161\u0107e de\u0161ava je da nalaz posle antibiotske kure bude negativan ali zaostala E.cole bakterija se umno\u017eava u zidovima i porama urinarnog sistema i aktivira se pri padu imuniteta , \u0161to dovodi do ponovne pojave infekcije.<br \/>\nZbog toga se sve vi\u0161e uz antibiotike, preporu\u010duje i upotreba prirodnih preparata. Urolo\u0161ki \u010daj PRIM ROSE ne remeti balans bakteriske flore,\u00a0 \u010diste mokra\u0107ne kanale , zidove i pore istih.<br \/>\nPrim Rose \u010caj za Mokra\u0107ne Kanale je jak urinarni antiseptik\u00a0 i prirodni antibiotik. Pored toga \u0161to elimini\u0161e bakterije, odstranjuje zaostale eritorcite i leukocite koji mogu biti odli\u010dna podloga za razvoj novih patogenih oblika. Odre\u0111ene aktivne materije ove \u010dajne me\u0161avine su odli\u010dni diuretici i na taj na\u010din se stimuli\u0161e pove\u0107ano isticanje urina. Lak\u0161e i br\u017ee ispiranje urinarnog trakta, odnosno \u010di\u0161\u0107enja pora gde se E.coli najvi\u0161e zadr\u017eava. Ove infekcije \u010desto prerastu u hroni\u010dne i kod takvih slu\u010dajeva neophodno je piti \u010daj od 3 do 6 meseci.<\/p>\n","protected":false},"excerpt":{"rendered":"<h3 class=\"\" data-start=\"118\" data-end=\"212\"><strong data-start=\"122\" data-end=\"205\">PRIM ROSE \u010cAJ ZA MOKRA\u0106NE KANALE \u2013 PRIRODNA PODR\u0160KA PROTIV URINARNIH INFEKCIJA!<\/strong> \ud83c\udf3f\ud83d\udca7<\/h3>\n<p class=\"\" data-start=\"214\" data-end=\"391\">\u2705 <strong data-start=\"216\" data-end=\"228\">Problem:<\/strong> Urinarne infekcije, bakterije poput Escherichia coli, Proteus i Pseudomonas, pesak i kamen u bubrezima, nelagodnost i bol pri mokrenju, upale be\u0161ike i prostate?<\/p>\n<p class=\"\" data-start=\"393\" data-end=\"596\">\ud83d\udd2c <strong data-start=\"396\" data-end=\"418\">PRIM ROSE Re\u0161enje:<\/strong> 100% prirodni biljni \u010daj pa\u017eljivo formulisan da efikasno deluje protiv upala mokra\u0107nih kanala, razgra\u0111uje kamenje u bubrezima i be\u0161ici te smanjuje rizik od ponovnih infekcija.<\/p>\n<p class=\"\" data-start=\"598\" data-end=\"835\">\ud83c\udf31 <strong data-start=\"601\" data-end=\"615\">Prednosti:<\/strong><br data-start=\"615\" data-end=\"618\" \/>\u2714\ufe0f Poma\u017ee u eliminaciji bakterija otpornih na antibiotike<br data-start=\"675\" data-end=\"678\" \/>\u2714\ufe0f Olak\u0161ava simptome peckanja, bola i \u010destog mokrenja<br data-start=\"731\" data-end=\"734\" \/>\u2714\ufe0f Podr\u017eava zdravlje bubrega, be\u0161ike i prostate<br data-start=\"781\" data-end=\"784\" \/>\u2714\ufe0f Prirodno ispira toksine i ja\u010da mokra\u0107ni sistem<\/p>\n<p>\u2728 <strong data-start=\"171\" data-end=\"209\">Dodatna podr\u0161ka \u2013 PRIM ROSE Elixir<\/strong><br data-start=\"209\" data-end=\"212\" \/>Za jo\u0161 ja\u010di efekat uz \u010daj, tu je i <strong data-start=\"247\" data-end=\"336\"><a class=\"decorated-link\" href=\"https:\/\/primrosecajevi.rs\/product\/prim-rose-elixir-u-medu\/\" target=\"_new\" rel=\"noopener\" data-start=\"249\" data-end=\"334\">PRIM ROSE Elixir u medu<\/a><\/strong> ili varijanta u maslinovom ulju. Elixir je sna\u017ean prirodni imunobuster koji \u010disti organizam i pru\u017ea dodatnu za\u0161titu od infekcija.<\/p>\n<p class=\"\" data-start=\"837\" data-end=\"994\">\ud83d\udcac <strong data-start=\"840\" data-end=\"863\">Iskustva korisnika:<\/strong> Nakon prve kure kori\u0161\u0107enja, na\u0161i kupci prijavljuju smanjenje bola, lak\u0161e mokrenje i op\u0161te pobolj\u0161anje zdravlja mokra\u0107nih kanala.<\/p>\n<p class=\"\" data-start=\"996\" data-end=\"1083\">\ud83d\udd39 <strong data-start=\"999\" data-end=\"1018\">Kako koristiti?<\/strong> Piti 2-3 \u0161olje dnevno, prema uputstvu, za optimalne rezultate!<\/p>\n<p class=\"\" data-start=\"1085\" data-end=\"1165\">\ud83d\udc9a <strong data-start=\"1088\" data-end=\"1163\">Priroda zna najbolje \u2013 oslobodite se urinarnih tegoba uz PRIM ROSE \u010daj!<\/strong><\/p>\n","protected":false},"featured_media":67,"comment_status":"open","ping_status":"closed","template":"","meta":{"site-sidebar-layout":"default","site-content-layout":"default","ast-site-content-layout":"default","site-content-style":"default","site-sidebar-style":"default","ast-global-header-display":"","ast-banner-title-visibility":"","ast-main-header-display":"","ast-hfb-above-header-display":"","ast-hfb-below-header-display":"","ast-hfb-mobile-header-display":"","site-post-title":"","ast-breadcrumbs-content":"","ast-featured-img":"","footer-sml-layout":"","theme-transparent-header-meta":"default","adv-header-id-meta":"","stick-header-meta":"","header-above-stick-meta":"","header-main-stick-meta":"","header-below-stick-meta":"","astra-migrate-meta-layouts":"set","ast-page-background-enabled":"default","ast-page-background-meta":{"desktop":{"background-color":"","background-image":"","background-repeat":"repeat","background-position":"center center","background-size":"auto","background-attachment":"scroll","background-type":"","background-media":"","overlay-type":"","overlay-color":"","overlay-opacity":"","overlay-gradient":""},"tablet":{"background-color":"","background-image":"","background-repeat":"repeat","background-position":"center center","background-size":"auto","background-attachment":"scroll","background-type":"","background-media":"","overlay-type":"","overlay-color":"","overlay-opacity":"","overlay-gradient":""},"mobile":{"background-color":"","background-image":"","background-repeat":"repeat","background-position":"center center","background-size":"auto","background-attachment":"scroll","background-type":"","background-media":"","overlay-type":"","overlay-color":"","overlay-opacity":"","overlay-gradient":""}},"ast-content-background-meta":{"desktop":{"background-color":"var(--ast-global-color-5)","background-image":"","background-repeat":"repeat","background-position":"center center","background-size":"auto","background-attachment":"scroll","background-type":"","background-media":"","overlay-type":"","overlay-color":"","overlay-opacity":"","overlay-gradient":""},"tablet":{"background-color":"var(--ast-global-color-5)","background-image":"","background-repeat":"repeat","background-position":"center center","background-size":"auto","background-attachment":"scroll","background-type":"","background-media":"","overlay-type":"","overlay-color":"","overlay-opacity":"","overlay-gradient":""},"mobile":{"background-color":"var(--ast-global-color-5)","background-image":"","background-repeat":"repeat","background-position":"center center","background-size":"auto","background-attachment":"scroll","background-type":"","background-media":"","overlay-type":"","overlay-color":"","overlay-opacity":"","overlay-gradient":""}}},"product_brand":[],"product_cat":[18],"product_tag":[],"class_list":{"0":"post-83","1":"product","2":"type-product","3":"status-publish","4":"has-post-thumbnail","6":"product_cat-cajevi","7":"desktop-align-center","8":"tablet-align-center","9":"mobile-align-center","11":"first","12":"instock","13":"shipping-taxable","14":"purchasable","15":"product-type-simple"},"yoast_head":"<!-- This site is optimized with the Yoast SEO plugin v27.4 - https:\/\/yoast.com\/product\/yoast-seo-wordpress\/ -->\n<title>Prim Rose \u010daj MOKRA\u0106NE ORGANE | Urolo\u0161ki \u010daj |<\/title>\n<meta name=\"description\" content=\"Urolo\u0161ki \u010daj Prim Rose stimuli\u0161e pove\u0107ano isticanje urina, lak\u0161e i br\u017ee ispiranje urinarnog trakta, elimini\u0161e bakterije, stimuli\u0161e pove\u0107ano isticanje urina\" \/>\n<meta name=\"robots\" content=\"index, follow, max-snippet:-1, max-image-preview:large, max-video-preview:-1\" \/>\n<link rel=\"canonical\" href=\"https:\/\/primrosecajevi.rs\/en\/product\/caj-za-mokracne-organe\/\" \/>\n<meta property=\"og:locale\" content=\"en_US\" \/>\n<meta property=\"og:type\" content=\"article\" \/>\n<meta property=\"og:title\" content=\"Prim Rose \u010daj MOKRA\u0106NE ORGANE | Urolo\u0161ki \u010daj |\" \/>\n<meta property=\"og:description\" content=\"Urolo\u0161ki \u010daj Prim Rose stimuli\u0161e pove\u0107ano isticanje urina, lak\u0161e i br\u017ee ispiranje urinarnog trakta, elimini\u0161e bakterije, stimuli\u0161e pove\u0107ano isticanje urina\" \/>\n<meta property=\"og:url\" content=\"https:\/\/primrosecajevi.rs\/en\/product\/caj-za-mokracne-organe\/\" \/>\n<meta property=\"og:site_name\" content=\"Prim Rose \u010cajevi\" \/>\n<meta property=\"article:publisher\" content=\"https:\/\/www.facebook.com\/primrose.subotica\/\" \/>\n<meta property=\"article:modified_time\" content=\"2026-03-03T08:39:09+00:00\" \/>\n<meta property=\"og:image\" content=\"https:\/\/primrosecajevi.rs\/wp-content\/uploads\/2023\/06\/01url-copy-2048x2048-1.jpg\" \/>\n\t<meta property=\"og:image:width\" content=\"2048\" \/>\n\t<meta property=\"og:image:height\" content=\"2048\" \/>\n\t<meta property=\"og:image:type\" content=\"image\/jpeg\" \/>\n<meta name=\"twitter:card\" content=\"summary_large_image\" \/>\n<script type=\"application\/ld+json\" class=\"yoast-schema-graph\">{\"@context\":\"https:\\\/\\\/schema.org\",\"@graph\":[{\"@type\":\"WebPage\",\"@id\":\"https:\\\/\\\/primrosecajevi.rs\\\/product\\\/caj-za-mokracne-organe\\\/\",\"url\":\"https:\\\/\\\/primrosecajevi.rs\\\/product\\\/caj-za-mokracne-organe\\\/\",\"name\":\"Prim Rose \u010daj MOKRA\u0106NE ORGANE | Urolo\u0161ki \u010daj |\",\"isPartOf\":{\"@id\":\"https:\\\/\\\/primrosecajevi.rs\\\/#website\"},\"primaryImageOfPage\":{\"@id\":\"https:\\\/\\\/primrosecajevi.rs\\\/product\\\/caj-za-mokracne-organe\\\/#primaryimage\"},\"image\":{\"@id\":\"https:\\\/\\\/primrosecajevi.rs\\\/product\\\/caj-za-mokracne-organe\\\/#primaryimage\"},\"thumbnailUrl\":\"https:\\\/\\\/primrosecajevi.rs\\\/wp-content\\\/uploads\\\/2023\\\/06\\\/01url-copy-2048x2048-1.jpg\",\"datePublished\":\"2023-06-02T11:06:28+00:00\",\"dateModified\":\"2026-03-03T08:39:09+00:00\",\"description\":\"Urolo\u0161ki \u010daj Prim Rose stimuli\u0161e pove\u0107ano isticanje urina, lak\u0161e i br\u017ee ispiranje urinarnog trakta, elimini\u0161e bakterije, stimuli\u0161e pove\u0107ano isticanje urina\",\"breadcrumb\":{\"@id\":\"https:\\\/\\\/primrosecajevi.rs\\\/product\\\/caj-za-mokracne-organe\\\/#breadcrumb\"},\"inLanguage\":\"en\",\"potentialAction\":[{\"@type\":\"ReadAction\",\"target\":[\"https:\\\/\\\/primrosecajevi.rs\\\/product\\\/caj-za-mokracne-organe\\\/\"]}]},{\"@type\":\"ImageObject\",\"inLanguage\":\"en\",\"@id\":\"https:\\\/\\\/primrosecajevi.rs\\\/product\\\/caj-za-mokracne-organe\\\/#primaryimage\",\"url\":\"https:\\\/\\\/primrosecajevi.rs\\\/wp-content\\\/uploads\\\/2023\\\/06\\\/01url-copy-2048x2048-1.jpg\",\"contentUrl\":\"https:\\\/\\\/primrosecajevi.rs\\\/wp-content\\\/uploads\\\/2023\\\/06\\\/01url-copy-2048x2048-1.jpg\",\"width\":2048,\"height\":2048},{\"@type\":\"BreadcrumbList\",\"@id\":\"https:\\\/\\\/primrosecajevi.rs\\\/product\\\/caj-za-mokracne-organe\\\/#breadcrumb\",\"itemListElement\":[{\"@type\":\"ListItem\",\"position\":1,\"name\":\"Home\",\"item\":\"https:\\\/\\\/primrosecajevi.rs\\\/\"},{\"@type\":\"ListItem\",\"position\":2,\"name\":\"Shop\",\"item\":\"https:\\\/\\\/primrosecajevi.rs\\\/shop-2\\\/\"},{\"@type\":\"ListItem\",\"position\":3,\"name\":\"\u010daj za MOKRA\u0106NE ORGANE\"}]},{\"@type\":\"WebSite\",\"@id\":\"https:\\\/\\\/primrosecajevi.rs\\\/#website\",\"url\":\"https:\\\/\\\/primrosecajevi.rs\\\/\",\"name\":\"Prim Rose \u010cajevi\",\"description\":\"Prirodni put ka izle\u010denju\",\"publisher\":{\"@id\":\"https:\\\/\\\/primrosecajevi.rs\\\/#organization\"},\"alternateName\":\"Prim Rose Elixiri\",\"potentialAction\":[{\"@type\":\"SearchAction\",\"target\":{\"@type\":\"EntryPoint\",\"urlTemplate\":\"https:\\\/\\\/primrosecajevi.rs\\\/?s={search_term_string}\"},\"query-input\":{\"@type\":\"PropertyValueSpecification\",\"valueRequired\":true,\"valueName\":\"search_term_string\"}}],\"inLanguage\":\"en\"},{\"@type\":\"Organization\",\"@id\":\"https:\\\/\\\/primrosecajevi.rs\\\/#organization\",\"name\":\"Prim Rose Cajevi\",\"alternateName\":\"Prim Rose Elixiri\",\"url\":\"https:\\\/\\\/primrosecajevi.rs\\\/\",\"logo\":{\"@type\":\"ImageObject\",\"inLanguage\":\"en\",\"@id\":\"https:\\\/\\\/primrosecajevi.rs\\\/#\\\/schema\\\/logo\\\/image\\\/\",\"url\":\"https:\\\/\\\/primrosecajevi.rs\\\/wp-content\\\/uploads\\\/2023\\\/06\\\/logooooo-300x300-1.png\",\"contentUrl\":\"https:\\\/\\\/primrosecajevi.rs\\\/wp-content\\\/uploads\\\/2023\\\/06\\\/logooooo-300x300-1.png\",\"width\":300,\"height\":300,\"caption\":\"Prim Rose Cajevi\"},\"image\":{\"@id\":\"https:\\\/\\\/primrosecajevi.rs\\\/#\\\/schema\\\/logo\\\/image\\\/\"},\"sameAs\":[\"https:\\\/\\\/www.facebook.com\\\/primrose.subotica\\\/\",\"https:\\\/\\\/www.instagram.com\\\/primrosecajevi\\\/\"]}]}<\/script>\n<!-- \/ Yoast SEO plugin. -->","yoast_head_json":{"title":"Prim Rose \u010daj MOKRA\u0106NE ORGANE | Urolo\u0161ki \u010daj |","description":"Urolo\u0161ki \u010daj Prim Rose stimuli\u0161e pove\u0107ano isticanje urina, lak\u0161e i br\u017ee ispiranje urinarnog trakta, elimini\u0161e bakterije, stimuli\u0161e pove\u0107ano isticanje urina","robots":{"index":"index","follow":"follow","max-snippet":"max-snippet:-1","max-image-preview":"max-image-preview:large","max-video-preview":"max-video-preview:-1"},"canonical":"https:\/\/primrosecajevi.rs\/en\/product\/caj-za-mokracne-organe\/","og_locale":"en_US","og_type":"article","og_title":"Prim Rose \u010daj MOKRA\u0106NE ORGANE | Urolo\u0161ki \u010daj |","og_description":"Urolo\u0161ki \u010daj Prim Rose stimuli\u0161e pove\u0107ano isticanje urina, lak\u0161e i br\u017ee ispiranje urinarnog trakta, elimini\u0161e bakterije, stimuli\u0161e pove\u0107ano isticanje urina","og_url":"https:\/\/primrosecajevi.rs\/en\/product\/caj-za-mokracne-organe\/","og_site_name":"Prim Rose \u010cajevi","article_publisher":"https:\/\/www.facebook.com\/primrose.subotica\/","article_modified_time":"2026-03-03T08:39:09+00:00","og_image":[{"width":2048,"height":2048,"url":"https:\/\/primrosecajevi.rs\/wp-content\/uploads\/2023\/06\/01url-copy-2048x2048-1.jpg","type":"image\/jpeg"}],"twitter_card":"summary_large_image","schema":{"@context":"https:\/\/schema.org","@graph":[{"@type":"WebPage","@id":"https:\/\/primrosecajevi.rs\/product\/caj-za-mokracne-organe\/","url":"https:\/\/primrosecajevi.rs\/product\/caj-za-mokracne-organe\/","name":"Prim Rose \u010daj MOKRA\u0106NE ORGANE | Urolo\u0161ki \u010daj |","isPartOf":{"@id":"https:\/\/primrosecajevi.rs\/#website"},"primaryImageOfPage":{"@id":"https:\/\/primrosecajevi.rs\/product\/caj-za-mokracne-organe\/#primaryimage"},"image":{"@id":"https:\/\/primrosecajevi.rs\/product\/caj-za-mokracne-organe\/#primaryimage"},"thumbnailUrl":"https:\/\/primrosecajevi.rs\/wp-content\/uploads\/2023\/06\/01url-copy-2048x2048-1.jpg","datePublished":"2023-06-02T11:06:28+00:00","dateModified":"2026-03-03T08:39:09+00:00","description":"Urolo\u0161ki \u010daj Prim Rose stimuli\u0161e pove\u0107ano isticanje urina, lak\u0161e i br\u017ee ispiranje urinarnog trakta, elimini\u0161e bakterije, stimuli\u0161e pove\u0107ano isticanje urina","breadcrumb":{"@id":"https:\/\/primrosecajevi.rs\/product\/caj-za-mokracne-organe\/#breadcrumb"},"inLanguage":"en","potentialAction":[{"@type":"ReadAction","target":["https:\/\/primrosecajevi.rs\/product\/caj-za-mokracne-organe\/"]}]},{"@type":"ImageObject","inLanguage":"en","@id":"https:\/\/primrosecajevi.rs\/product\/caj-za-mokracne-organe\/#primaryimage","url":"https:\/\/primrosecajevi.rs\/wp-content\/uploads\/2023\/06\/01url-copy-2048x2048-1.jpg","contentUrl":"https:\/\/primrosecajevi.rs\/wp-content\/uploads\/2023\/06\/01url-copy-2048x2048-1.jpg","width":2048,"height":2048},{"@type":"BreadcrumbList","@id":"https:\/\/primrosecajevi.rs\/product\/caj-za-mokracne-organe\/#breadcrumb","itemListElement":[{"@type":"ListItem","position":1,"name":"Home","item":"https:\/\/primrosecajevi.rs\/"},{"@type":"ListItem","position":2,"name":"Shop","item":"https:\/\/primrosecajevi.rs\/shop-2\/"},{"@type":"ListItem","position":3,"name":"\u010daj za MOKRA\u0106NE ORGANE"}]},{"@type":"WebSite","@id":"https:\/\/primrosecajevi.rs\/#website","url":"https:\/\/primrosecajevi.rs\/","name":"Prim Rose \u010cajevi","description":"Prirodni put ka izle\u010denju","publisher":{"@id":"https:\/\/primrosecajevi.rs\/#organization"},"alternateName":"Prim Rose Elixiri","potentialAction":[{"@type":"SearchAction","target":{"@type":"EntryPoint","urlTemplate":"https:\/\/primrosecajevi.rs\/?s={search_term_string}"},"query-input":{"@type":"PropertyValueSpecification","valueRequired":true,"valueName":"search_term_string"}}],"inLanguage":"en"},{"@type":"Organization","@id":"https:\/\/primrosecajevi.rs\/#organization","name":"Prim Rose Cajevi","alternateName":"Prim Rose Elixiri","url":"https:\/\/primrosecajevi.rs\/","logo":{"@type":"ImageObject","inLanguage":"en","@id":"https:\/\/primrosecajevi.rs\/#\/schema\/logo\/image\/","url":"https:\/\/primrosecajevi.rs\/wp-content\/uploads\/2023\/06\/logooooo-300x300-1.png","contentUrl":"https:\/\/primrosecajevi.rs\/wp-content\/uploads\/2023\/06\/logooooo-300x300-1.png","width":300,"height":300,"caption":"Prim Rose Cajevi"},"image":{"@id":"https:\/\/primrosecajevi.rs\/#\/schema\/logo\/image\/"},"sameAs":["https:\/\/www.facebook.com\/primrose.subotica\/","https:\/\/www.instagram.com\/primrosecajevi\/"]}]}},"_links":{"self":[{"href":"https:\/\/primrosecajevi.rs\/en\/wp-json\/wp\/v2\/product\/83","targetHints":{"allow":["GET"]}}],"collection":[{"href":"https:\/\/primrosecajevi.rs\/en\/wp-json\/wp\/v2\/product"}],"about":[{"href":"https:\/\/primrosecajevi.rs\/en\/wp-json\/wp\/v2\/types\/product"}],"replies":[{"embeddable":true,"href":"https:\/\/primrosecajevi.rs\/en\/wp-json\/wp\/v2\/comments?post=83"}],"wp:featuredmedia":[{"embeddable":true,"href":"https:\/\/primrosecajevi.rs\/en\/wp-json\/wp\/v2\/media\/67"}],"wp:attachment":[{"href":"https:\/\/primrosecajevi.rs\/en\/wp-json\/wp\/v2\/media?parent=83"}],"wp:term":[{"taxonomy":"product_brand","embeddable":true,"href":"https:\/\/primrosecajevi.rs\/en\/wp-json\/wp\/v2\/product_brand?post=83"},{"taxonomy":"product_cat","embeddable":true,"href":"https:\/\/primrosecajevi.rs\/en\/wp-json\/wp\/v2\/product_cat?post=83"},{"taxonomy":"product_tag","embeddable":true,"href":"https:\/\/primrosecajevi.rs\/en\/wp-json\/wp\/v2\/product_tag?post=83"}],"curies":[{"name":"wp","href":"https:\/\/api.w.org\/{rel}","templated":true}]}}