{"id":82,"date":"2023-06-02T11:05:50","date_gmt":"2023-06-02T11:05:50","guid":{"rendered":"https:\/\/primrosecajevi.rs\/?post_type=product&#038;p=82"},"modified":"2026-03-03T08:39:16","modified_gmt":"2026-03-03T08:39:16","slug":"caj-za-kandidu","status":"publish","type":"product","link":"https:\/\/primrosecajevi.rs\/en\/product\/caj-za-kandidu\/","title":{"rendered":"\u010daj za KANDIDU"},"content":{"rendered":"<p class=\"\" data-start=\"0\" data-end=\"256\"><strong data-start=\"0\" data-end=\"28\">PRIM ROSE \u010daj za Kandidu<\/strong> je prirodno re\u0161enje za vra\u0107anje ravnote\u017ee organizma i ubla\u017eavanje simptoma kandidijaze. <strong data-start=\"117\" data-end=\"212\">Ako se \u010desto suo\u010davate sa svrabom, peckanjem, bolom, naduto\u0161\u0107u ili disbalansom crevne flore<\/strong>, ovaj \u010daj mo\u017ee biti pravo re\u0161enje za vas.<\/p>\n<p class=\"\" data-start=\"258\" data-end=\"581\">Njegova pa\u017eljivo odabrana <strong data-start=\"284\" data-end=\"302\">biljna formula<\/strong> deluje <strong data-start=\"310\" data-end=\"333\">ne\u017eno, ali efikasno<\/strong>. <strong data-start=\"335\" data-end=\"369\">Osim \u0161to obnavlja crevnu floru<\/strong>, tako\u0111e ja\u010da imunitet i smanjuje disbakteriozu. <strong data-start=\"418\" data-end=\"447\">\u0160tavi\u0161e, redovna upotreba<\/strong> poma\u017ee u ubla\u017eavanju svraba i iritacije. <strong data-start=\"489\" data-end=\"503\">Pored toga<\/strong>, \u010daj se mo\u017ee koristiti i za <strong data-start=\"532\" data-end=\"551\">vaginalne kupke<\/strong>, pru\u017eaju\u0107i dodatnu za\u0161titu.<\/p>\n<p class=\"\" data-start=\"583\" data-end=\"857\"><strong data-start=\"583\" data-end=\"620\">Za razliku od agresivnih tretmana<\/strong>, PRIM ROSE \u010daj deluje balansirano i dugoro\u010dno. <strong data-start=\"668\" data-end=\"707\">Zahvaljuju\u0107i svom prirodnom sastavu<\/strong>, ne sadr\u017ei ve\u0161ta\u010dke dodatke ni \u0161tetne hemikalije. <strong data-start=\"758\" data-end=\"771\">Zbog toga<\/strong> je idealan za sve koji tra\u017ee <strong data-start=\"801\" data-end=\"831\" data-is-only-node=\"\">sigurno i efikasno re\u0161enje<\/strong> bez ne\u017eeljenih efekata.<\/p>\n<p data-start=\"102\" data-end=\"448\">\ud83c\udf38 <strong data-start=\"105\" data-end=\"133\">PRIM ROSE \u010daj za kandidu<\/strong><br data-start=\"133\" data-end=\"136\" \/>Kandida se \u010desto vra\u0107a kada je imunitet oslabljen ili kada u organizmu vlada disbalans.<br data-start=\"223\" data-end=\"226\" \/>PRIM ROSE \u010daj za kandidu poma\u017ee telu da prirodno uspostavi ravnote\u017eu, smanji neprijatne simptome i oja\u010da otpornost. Biljna me\u0161avina deluje umiruju\u0107e na digestivni trakt i vra\u0107a ose\u0107aj lako\u0107e i mira u svakodnevnom \u017eivotu.<\/p>\n<p data-start=\"450\" data-end=\"871\">\u2728 <strong data-start=\"452\" data-end=\"581\">Dodatna podr\u0161ka \u2013 <a class=\"decorated-link\" href=\"https:\/\/primrosecajevi.rs\/product\/prim-rose-elixir-u-maslinovom-ulju\/\" target=\"_new\" rel=\"noopener\" data-start=\"472\" data-end=\"579\">PRIM ROSE Elixir u maslinovom ulju<\/a><\/strong><br data-start=\"581\" data-end=\"584\" \/>Za sna\u017eniji efekat preporu\u010duje se kombinacija sa <strong data-start=\"633\" data-end=\"673\">PRIM ROSE Elixirom u maslinovom ulju<\/strong>. Njegova jedinstvena biljna formula ja\u010da imunitet, \u010disti organizam i poma\u017ee telu da obnovi zdravu crevnu floru. U paru sa \u010dajem, Elixir deluje kao prirodni saveznik u borbi protiv uporne kandide.<\/p>\n<p class=\"\" data-start=\"859\" data-end=\"1040\">\ud83c\udf3f <strong data-start=\"862\" data-end=\"904\">Vratite kontrolu nad svojim zdravljem!<\/strong> \ud83c\udf3f<br data-start=\"907\" data-end=\"910\" \/><strong data-start=\"928\" data-end=\"986\" data-is-only-node=\"\"><a class=\"\" href=\"https:\/\/www.primrosecajevi.rs\" target=\"_new\" rel=\"noopener\" data-start=\"930\" data-end=\"984\">www.primrosecajevi.rs<\/a><\/strong> i naru\u010dite <strong data-start=\"998\" data-end=\"1026\">PRIM ROSE \u010daj za Kandidu<\/strong> ve\u0107 danas! \ud83d\udc9a<\/p>\n<p>&nbsp;<\/p>\n","protected":false},"excerpt":{"rendered":"<h3 class=\"\" data-start=\"0\" data-end=\"68\"><strong data-start=\"4\" data-end=\"66\">PRIM ROSE \u010cAJ ZA KANDIDU \u2013 PRIRODNA PODR\u0160KA VA\u0160EM ZDRAVLJU<\/strong><\/h3>\n<p class=\"\" data-start=\"70\" data-end=\"161\"><strong data-start=\"70\" data-end=\"159\">Vratite ravnote\u017eu i oslobodite se neprijatnih simptoma kandidijaze na prirodan na\u010din!<\/strong><\/p>\n<p class=\"\" data-start=\"163\" data-end=\"518\">Kandida mo\u017ee izazvati brojne tegobe poput <strong data-start=\"205\" data-end=\"277\">svraba, peckanja, bola, probavnih problema i disbalansa crevne flore<\/strong>. Simptomi se \u010desto vra\u0107aju pri padu imuniteta, a klasi\u010dni tretmani ne re\u0161avaju uvek dugoro\u010dne uzroke problema. <strong data-start=\"389\" data-end=\"417\">PRIM ROSE \u010daj za Kandidu<\/strong> pru\u017ea <strong data-start=\"424\" data-end=\"454\">prirodnu podr\u0161ku organizmu<\/strong>, vra\u0107aju\u0107i ravnote\u017eu i spre\u010davaju\u0107i ponovni razvoj infekcije.<\/p>\n<h3 class=\"\" data-start=\"520\" data-end=\"556\"><strong data-start=\"524\" data-end=\"554\">Kako PRIM ROSE \u010daj poma\u017ee?<\/strong><\/h3>\n<p class=\"\" data-start=\"557\" data-end=\"858\">\ud83c\udf3f <strong data-start=\"560\" data-end=\"585\">Obnavlja crevnu floru<\/strong> i smanjuje simptome disbakterioze<br data-start=\"619\" data-end=\"622\" \/>\ud83d\udc9a <strong data-start=\"625\" data-end=\"661\">Ubla\u017eava svrab, peckanje i upalu<\/strong><br data-start=\"661\" data-end=\"664\" \/>\ud83d\udcaa <strong data-start=\"667\" data-end=\"684\">Ja\u010da imunitet<\/strong> i smanjuje rizik od ponovne infekcije<br data-start=\"722\" data-end=\"725\" \/>\ud83d\udca7 <strong data-start=\"728\" data-end=\"770\">Mo\u017ee se koristiti i za vaginalne kupke<\/strong> za dodatnu za\u0161titu<br data-start=\"789\" data-end=\"792\" \/>\ud83c\udf31 <strong data-start=\"795\" data-end=\"833\">Podr\u017eava prirodni balans organizma<\/strong> i poma\u017ee br\u017ei oporavak<\/p>\n<h3 class=\"\" data-start=\"860\" data-end=\"896\"><strong data-start=\"864\" data-end=\"894\">Kod kojih simptoma poma\u017ee?<\/strong><\/h3>\n<p class=\"\" data-start=\"897\" data-end=\"1230\">\ud83d\udd25 <strong data-start=\"900\" data-end=\"934\">Vaginalna i crevna kandidijaza<\/strong> \u2013 smanjuje neprijatne simptome i vra\u0107a ravnote\u017eu<br data-start=\"983\" data-end=\"986\" \/>\ud83d\udca8 <strong data-start=\"989\" data-end=\"1024\">Nadutost i problemi sa varenjem<\/strong> \u2013 pobolj\u0161ava rad digestivnog sistema<br data-start=\"1061\" data-end=\"1064\" \/>\ud83e\udd15 <strong data-start=\"1067\" data-end=\"1097\">Svrab, peckanje i crvenilo<\/strong> \u2013 ubla\u017eava iritaciju i smanjuje nelagodnost<br data-start=\"1141\" data-end=\"1144\" \/>\ud83d\udd04 <strong data-start=\"1147\" data-end=\"1193\">\u010ceste infekcije zbog oslabljenog imuniteta<\/strong> \u2013 ja\u010da odbrambeni sistem organizma<\/p>\n<h3 class=\"\" data-start=\"1232\" data-end=\"1282\"><strong data-start=\"1236\" data-end=\"1280\">Za\u0161to izabrati PRIM ROSE \u010daj za Kandidu?<\/strong><\/h3>\n<p class=\"\" data-start=\"1283\" data-end=\"1627\">\u2705 <strong data-start=\"1285\" data-end=\"1309\">100% prirodan sastav<\/strong> \u2013 bez ve\u0161ta\u010dkih dodataka i \u0161tetnih hemikalija<br data-start=\"1355\" data-end=\"1358\" \/>\u2705 <strong data-start=\"1360\" data-end=\"1392\">Efikasna kombinacija biljaka<\/strong> \u2013 deluje blago, ali sna\u017eno na balans organizma<br data-start=\"1439\" data-end=\"1442\" \/>\u2705 <strong data-start=\"1444\" data-end=\"1472\">Podr\u0161ka spolja i iznutra<\/strong> \u2013 pogodan za <strong data-start=\"1486\" data-end=\"1527\">unutra\u0161nju upotrebu i vaginalne kupke<\/strong><br data-start=\"1527\" data-end=\"1530\" \/>\u2705 <strong data-start=\"1532\" data-end=\"1578\">Ne remeti crevnu floru kao klasi\u010dni lekovi<\/strong> \u2013 bez potrebe za probioticima nakon kori\u0161\u0107enja<\/p>\n<h3 class=\"\" data-start=\"1629\" data-end=\"1672\"><strong data-start=\"1633\" data-end=\"1670\">Za koga je PRIM ROSE \u010daj idealan?<\/strong><\/h3>\n<p class=\"\" data-start=\"1673\" data-end=\"1943\">\u2714 Osobe koje se <strong data-start=\"1689\" data-end=\"1740\">\u010desto suo\u010davaju sa kandidom i njenim simptomima<\/strong><br data-start=\"1740\" data-end=\"1743\" \/>\u2714 Oni koji \u017eele <strong data-start=\"1759\" data-end=\"1804\">prirodnu alternativu klasi\u010dnim tretmanima<\/strong><br data-start=\"1804\" data-end=\"1807\" \/>\u2714 Svi koji tra\u017ee <strong data-start=\"1824\" data-end=\"1871\">re\u0161enje za crevnu i vaginalnu disbakteriozu<\/strong><br data-start=\"1871\" data-end=\"1874\" \/>\u2714 Ljudi sa <strong data-start=\"1885\" data-end=\"1941\">oslabljenim imunitetom koji \u017eele preventivnu za\u0161titu<\/strong><\/p>\n<p class=\"\" data-start=\"1945\" data-end=\"2075\">\ud83d\udd2c <strong data-start=\"1948\" data-end=\"1996\">Oslobodite se kandidijaze na prirodan na\u010din!<\/strong><br data-start=\"1996\" data-end=\"1999\" \/>\ud83d\udc49 <strong data-start=\"2002\" data-end=\"2075\" data-is-last-node=\"\">Poru\u010dite PRIM ROSE \u010daj za Kandidu i vratite ravnote\u017eu svom organizmu!<\/strong><\/p>\n","protected":false},"featured_media":73,"comment_status":"open","ping_status":"closed","template":"","meta":{"site-sidebar-layout":"default","site-content-layout":"default","ast-site-content-layout":"default","site-content-style":"default","site-sidebar-style":"default","ast-global-header-display":"","ast-banner-title-visibility":"","ast-main-header-display":"","ast-hfb-above-header-display":"","ast-hfb-below-header-display":"","ast-hfb-mobile-header-display":"","site-post-title":"","ast-breadcrumbs-content":"","ast-featured-img":"","footer-sml-layout":"","theme-transparent-header-meta":"default","adv-header-id-meta":"","stick-header-meta":"","header-above-stick-meta":"","header-main-stick-meta":"","header-below-stick-meta":"","astra-migrate-meta-layouts":"set","ast-page-background-enabled":"default","ast-page-background-meta":{"desktop":{"background-color":"","background-image":"","background-repeat":"repeat","background-position":"center center","background-size":"auto","background-attachment":"scroll","background-type":"","background-media":"","overlay-type":"","overlay-color":"","overlay-opacity":"","overlay-gradient":""},"tablet":{"background-color":"","background-image":"","background-repeat":"repeat","background-position":"center center","background-size":"auto","background-attachment":"scroll","background-type":"","background-media":"","overlay-type":"","overlay-color":"","overlay-opacity":"","overlay-gradient":""},"mobile":{"background-color":"","background-image":"","background-repeat":"repeat","background-position":"center center","background-size":"auto","background-attachment":"scroll","background-type":"","background-media":"","overlay-type":"","overlay-color":"","overlay-opacity":"","overlay-gradient":""}},"ast-content-background-meta":{"desktop":{"background-color":"var(--ast-global-color-5)","background-image":"","background-repeat":"repeat","background-position":"center center","background-size":"auto","background-attachment":"scroll","background-type":"","background-media":"","overlay-type":"","overlay-color":"","overlay-opacity":"","overlay-gradient":""},"tablet":{"background-color":"var(--ast-global-color-5)","background-image":"","background-repeat":"repeat","background-position":"center center","background-size":"auto","background-attachment":"scroll","background-type":"","background-media":"","overlay-type":"","overlay-color":"","overlay-opacity":"","overlay-gradient":""},"mobile":{"background-color":"var(--ast-global-color-5)","background-image":"","background-repeat":"repeat","background-position":"center center","background-size":"auto","background-attachment":"scroll","background-type":"","background-media":"","overlay-type":"","overlay-color":"","overlay-opacity":"","overlay-gradient":""}}},"product_brand":[],"product_cat":[18],"product_tag":[],"class_list":{"0":"post-82","1":"product","2":"type-product","3":"status-publish","4":"has-post-thumbnail","6":"product_cat-cajevi","7":"desktop-align-center","8":"tablet-align-center","9":"mobile-align-center","11":"first","12":"instock","13":"shipping-taxable","14":"purchasable","15":"product-type-simple"},"yoast_head":"<!-- This site is optimized with the Yoast SEO plugin v27.3 - https:\/\/yoast.com\/product\/yoast-seo-wordpress\/ -->\n<title>Prim Rose \u010daj za KANDIDU | Disbakterioze | Ispiranje<\/title>\n<meta name=\"description\" content=\"\u010caj za KANDIDU upotreljava se kod vaginalne i crevne kandide, disbakterioze kao \u010daj za unutra\u0161nju upotrebu. Vaginalne kandide za kupke i ispiranje.\" \/>\n<meta name=\"robots\" content=\"index, follow, max-snippet:-1, max-image-preview:large, max-video-preview:-1\" \/>\n<link rel=\"canonical\" href=\"https:\/\/primrosecajevi.rs\/en\/product\/caj-za-kandidu\/\" \/>\n<meta property=\"og:locale\" content=\"en_US\" \/>\n<meta property=\"og:type\" content=\"article\" \/>\n<meta property=\"og:title\" content=\"Prim Rose \u010daj za KANDIDU | Disbakterioze | Ispiranje\" \/>\n<meta property=\"og:description\" content=\"\u010caj za KANDIDU upotreljava se kod vaginalne i crevne kandide, disbakterioze kao \u010daj za unutra\u0161nju upotrebu. Vaginalne kandide za kupke i ispiranje.\" \/>\n<meta property=\"og:url\" content=\"https:\/\/primrosecajevi.rs\/en\/product\/caj-za-kandidu\/\" \/>\n<meta property=\"og:site_name\" content=\"Prim Rose \u010cajevi\" \/>\n<meta property=\"article:publisher\" content=\"https:\/\/www.facebook.com\/primrose.subotica\/\" \/>\n<meta property=\"article:modified_time\" content=\"2026-03-03T08:39:16+00:00\" \/>\n<meta property=\"og:image\" content=\"https:\/\/primrosecajevi.rs\/wp-content\/uploads\/2023\/06\/08kandida.jpg\" \/>\n\t<meta property=\"og:image:width\" content=\"1080\" \/>\n\t<meta property=\"og:image:height\" content=\"1080\" \/>\n\t<meta property=\"og:image:type\" content=\"image\/jpeg\" \/>\n<meta name=\"twitter:card\" content=\"summary_large_image\" \/>\n<script type=\"application\/ld+json\" class=\"yoast-schema-graph\">{\"@context\":\"https:\\\/\\\/schema.org\",\"@graph\":[{\"@type\":\"WebPage\",\"@id\":\"https:\\\/\\\/primrosecajevi.rs\\\/product\\\/caj-za-kandidu\\\/\",\"url\":\"https:\\\/\\\/primrosecajevi.rs\\\/product\\\/caj-za-kandidu\\\/\",\"name\":\"Prim Rose \u010daj za KANDIDU | Disbakterioze | Ispiranje\",\"isPartOf\":{\"@id\":\"https:\\\/\\\/primrosecajevi.rs\\\/#website\"},\"primaryImageOfPage\":{\"@id\":\"https:\\\/\\\/primrosecajevi.rs\\\/product\\\/caj-za-kandidu\\\/#primaryimage\"},\"image\":{\"@id\":\"https:\\\/\\\/primrosecajevi.rs\\\/product\\\/caj-za-kandidu\\\/#primaryimage\"},\"thumbnailUrl\":\"https:\\\/\\\/primrosecajevi.rs\\\/wp-content\\\/uploads\\\/2023\\\/06\\\/08kandida.jpg\",\"datePublished\":\"2023-06-02T11:05:50+00:00\",\"dateModified\":\"2026-03-03T08:39:16+00:00\",\"description\":\"\u010caj za KANDIDU upotreljava se kod vaginalne i crevne kandide, disbakterioze kao \u010daj za unutra\u0161nju upotrebu. Vaginalne kandide za kupke i ispiranje.\",\"breadcrumb\":{\"@id\":\"https:\\\/\\\/primrosecajevi.rs\\\/product\\\/caj-za-kandidu\\\/#breadcrumb\"},\"inLanguage\":\"en\",\"potentialAction\":[{\"@type\":\"ReadAction\",\"target\":[\"https:\\\/\\\/primrosecajevi.rs\\\/product\\\/caj-za-kandidu\\\/\"]}]},{\"@type\":\"ImageObject\",\"inLanguage\":\"en\",\"@id\":\"https:\\\/\\\/primrosecajevi.rs\\\/product\\\/caj-za-kandidu\\\/#primaryimage\",\"url\":\"https:\\\/\\\/primrosecajevi.rs\\\/wp-content\\\/uploads\\\/2023\\\/06\\\/08kandida.jpg\",\"contentUrl\":\"https:\\\/\\\/primrosecajevi.rs\\\/wp-content\\\/uploads\\\/2023\\\/06\\\/08kandida.jpg\",\"width\":1080,\"height\":1080,\"caption\":\"caj za kandidu disbakterioze vaginalne\"},{\"@type\":\"BreadcrumbList\",\"@id\":\"https:\\\/\\\/primrosecajevi.rs\\\/product\\\/caj-za-kandidu\\\/#breadcrumb\",\"itemListElement\":[{\"@type\":\"ListItem\",\"position\":1,\"name\":\"Home\",\"item\":\"https:\\\/\\\/primrosecajevi.rs\\\/\"},{\"@type\":\"ListItem\",\"position\":2,\"name\":\"Shop\",\"item\":\"https:\\\/\\\/primrosecajevi.rs\\\/shop-2\\\/\"},{\"@type\":\"ListItem\",\"position\":3,\"name\":\"\u010daj za KANDIDU\"}]},{\"@type\":\"WebSite\",\"@id\":\"https:\\\/\\\/primrosecajevi.rs\\\/#website\",\"url\":\"https:\\\/\\\/primrosecajevi.rs\\\/\",\"name\":\"Prim Rose \u010cajevi\",\"description\":\"Prirodni put ka izle\u010denju\",\"publisher\":{\"@id\":\"https:\\\/\\\/primrosecajevi.rs\\\/#organization\"},\"alternateName\":\"Prim Rose Elixiri\",\"potentialAction\":[{\"@type\":\"SearchAction\",\"target\":{\"@type\":\"EntryPoint\",\"urlTemplate\":\"https:\\\/\\\/primrosecajevi.rs\\\/?s={search_term_string}\"},\"query-input\":{\"@type\":\"PropertyValueSpecification\",\"valueRequired\":true,\"valueName\":\"search_term_string\"}}],\"inLanguage\":\"en\"},{\"@type\":\"Organization\",\"@id\":\"https:\\\/\\\/primrosecajevi.rs\\\/#organization\",\"name\":\"Prim Rose Cajevi\",\"alternateName\":\"Prim Rose Elixiri\",\"url\":\"https:\\\/\\\/primrosecajevi.rs\\\/\",\"logo\":{\"@type\":\"ImageObject\",\"inLanguage\":\"en\",\"@id\":\"https:\\\/\\\/primrosecajevi.rs\\\/#\\\/schema\\\/logo\\\/image\\\/\",\"url\":\"https:\\\/\\\/primrosecajevi.rs\\\/wp-content\\\/uploads\\\/2023\\\/06\\\/logooooo-300x300-1.png\",\"contentUrl\":\"https:\\\/\\\/primrosecajevi.rs\\\/wp-content\\\/uploads\\\/2023\\\/06\\\/logooooo-300x300-1.png\",\"width\":300,\"height\":300,\"caption\":\"Prim Rose Cajevi\"},\"image\":{\"@id\":\"https:\\\/\\\/primrosecajevi.rs\\\/#\\\/schema\\\/logo\\\/image\\\/\"},\"sameAs\":[\"https:\\\/\\\/www.facebook.com\\\/primrose.subotica\\\/\",\"https:\\\/\\\/www.instagram.com\\\/primrosecajevi\\\/\"]}]}<\/script>\n<!-- \/ Yoast SEO plugin. -->","yoast_head_json":{"title":"Prim Rose \u010daj za KANDIDU | Disbakterioze | Ispiranje","description":"\u010caj za KANDIDU upotreljava se kod vaginalne i crevne kandide, disbakterioze kao \u010daj za unutra\u0161nju upotrebu. Vaginalne kandide za kupke i ispiranje.","robots":{"index":"index","follow":"follow","max-snippet":"max-snippet:-1","max-image-preview":"max-image-preview:large","max-video-preview":"max-video-preview:-1"},"canonical":"https:\/\/primrosecajevi.rs\/en\/product\/caj-za-kandidu\/","og_locale":"en_US","og_type":"article","og_title":"Prim Rose \u010daj za KANDIDU | Disbakterioze | Ispiranje","og_description":"\u010caj za KANDIDU upotreljava se kod vaginalne i crevne kandide, disbakterioze kao \u010daj za unutra\u0161nju upotrebu. Vaginalne kandide za kupke i ispiranje.","og_url":"https:\/\/primrosecajevi.rs\/en\/product\/caj-za-kandidu\/","og_site_name":"Prim Rose \u010cajevi","article_publisher":"https:\/\/www.facebook.com\/primrose.subotica\/","article_modified_time":"2026-03-03T08:39:16+00:00","og_image":[{"width":1080,"height":1080,"url":"https:\/\/primrosecajevi.rs\/wp-content\/uploads\/2023\/06\/08kandida.jpg","type":"image\/jpeg"}],"twitter_card":"summary_large_image","schema":{"@context":"https:\/\/schema.org","@graph":[{"@type":"WebPage","@id":"https:\/\/primrosecajevi.rs\/product\/caj-za-kandidu\/","url":"https:\/\/primrosecajevi.rs\/product\/caj-za-kandidu\/","name":"Prim Rose \u010daj za KANDIDU | Disbakterioze | Ispiranje","isPartOf":{"@id":"https:\/\/primrosecajevi.rs\/#website"},"primaryImageOfPage":{"@id":"https:\/\/primrosecajevi.rs\/product\/caj-za-kandidu\/#primaryimage"},"image":{"@id":"https:\/\/primrosecajevi.rs\/product\/caj-za-kandidu\/#primaryimage"},"thumbnailUrl":"https:\/\/primrosecajevi.rs\/wp-content\/uploads\/2023\/06\/08kandida.jpg","datePublished":"2023-06-02T11:05:50+00:00","dateModified":"2026-03-03T08:39:16+00:00","description":"\u010caj za KANDIDU upotreljava se kod vaginalne i crevne kandide, disbakterioze kao \u010daj za unutra\u0161nju upotrebu. Vaginalne kandide za kupke i ispiranje.","breadcrumb":{"@id":"https:\/\/primrosecajevi.rs\/product\/caj-za-kandidu\/#breadcrumb"},"inLanguage":"en","potentialAction":[{"@type":"ReadAction","target":["https:\/\/primrosecajevi.rs\/product\/caj-za-kandidu\/"]}]},{"@type":"ImageObject","inLanguage":"en","@id":"https:\/\/primrosecajevi.rs\/product\/caj-za-kandidu\/#primaryimage","url":"https:\/\/primrosecajevi.rs\/wp-content\/uploads\/2023\/06\/08kandida.jpg","contentUrl":"https:\/\/primrosecajevi.rs\/wp-content\/uploads\/2023\/06\/08kandida.jpg","width":1080,"height":1080,"caption":"caj za kandidu disbakterioze vaginalne"},{"@type":"BreadcrumbList","@id":"https:\/\/primrosecajevi.rs\/product\/caj-za-kandidu\/#breadcrumb","itemListElement":[{"@type":"ListItem","position":1,"name":"Home","item":"https:\/\/primrosecajevi.rs\/"},{"@type":"ListItem","position":2,"name":"Shop","item":"https:\/\/primrosecajevi.rs\/shop-2\/"},{"@type":"ListItem","position":3,"name":"\u010daj za KANDIDU"}]},{"@type":"WebSite","@id":"https:\/\/primrosecajevi.rs\/#website","url":"https:\/\/primrosecajevi.rs\/","name":"Prim Rose \u010cajevi","description":"Prirodni put ka izle\u010denju","publisher":{"@id":"https:\/\/primrosecajevi.rs\/#organization"},"alternateName":"Prim Rose Elixiri","potentialAction":[{"@type":"SearchAction","target":{"@type":"EntryPoint","urlTemplate":"https:\/\/primrosecajevi.rs\/?s={search_term_string}"},"query-input":{"@type":"PropertyValueSpecification","valueRequired":true,"valueName":"search_term_string"}}],"inLanguage":"en"},{"@type":"Organization","@id":"https:\/\/primrosecajevi.rs\/#organization","name":"Prim Rose Cajevi","alternateName":"Prim Rose Elixiri","url":"https:\/\/primrosecajevi.rs\/","logo":{"@type":"ImageObject","inLanguage":"en","@id":"https:\/\/primrosecajevi.rs\/#\/schema\/logo\/image\/","url":"https:\/\/primrosecajevi.rs\/wp-content\/uploads\/2023\/06\/logooooo-300x300-1.png","contentUrl":"https:\/\/primrosecajevi.rs\/wp-content\/uploads\/2023\/06\/logooooo-300x300-1.png","width":300,"height":300,"caption":"Prim Rose Cajevi"},"image":{"@id":"https:\/\/primrosecajevi.rs\/#\/schema\/logo\/image\/"},"sameAs":["https:\/\/www.facebook.com\/primrose.subotica\/","https:\/\/www.instagram.com\/primrosecajevi\/"]}]}},"_links":{"self":[{"href":"https:\/\/primrosecajevi.rs\/en\/wp-json\/wp\/v2\/product\/82","targetHints":{"allow":["GET"]}}],"collection":[{"href":"https:\/\/primrosecajevi.rs\/en\/wp-json\/wp\/v2\/product"}],"about":[{"href":"https:\/\/primrosecajevi.rs\/en\/wp-json\/wp\/v2\/types\/product"}],"replies":[{"embeddable":true,"href":"https:\/\/primrosecajevi.rs\/en\/wp-json\/wp\/v2\/comments?post=82"}],"wp:featuredmedia":[{"embeddable":true,"href":"https:\/\/primrosecajevi.rs\/en\/wp-json\/wp\/v2\/media\/73"}],"wp:attachment":[{"href":"https:\/\/primrosecajevi.rs\/en\/wp-json\/wp\/v2\/media?parent=82"}],"wp:term":[{"taxonomy":"product_brand","embeddable":true,"href":"https:\/\/primrosecajevi.rs\/en\/wp-json\/wp\/v2\/product_brand?post=82"},{"taxonomy":"product_cat","embeddable":true,"href":"https:\/\/primrosecajevi.rs\/en\/wp-json\/wp\/v2\/product_cat?post=82"},{"taxonomy":"product_tag","embeddable":true,"href":"https:\/\/primrosecajevi.rs\/en\/wp-json\/wp\/v2\/product_tag?post=82"}],"curies":[{"name":"wp","href":"https:\/\/api.w.org\/{rel}","templated":true}]}}