{"id":79,"date":"2023-06-02T11:04:19","date_gmt":"2023-06-02T11:04:19","guid":{"rendered":"https:\/\/primrosecajevi.rs\/?post_type=product&#038;p=79"},"modified":"2026-03-03T08:39:36","modified_gmt":"2026-03-03T08:39:36","slug":"caj-za-heliko-bakteriju","status":"publish","type":"product","link":"https:\/\/primrosecajevi.rs\/en\/product\/caj-za-heliko-bakteriju\/","title":{"rendered":"\u010daj za HELIKO BAKTERIJU"},"content":{"rendered":"<p class=\"\" data-start=\"0\" data-end=\"102\"><strong data-start=\"0\" data-end=\"100\">PRIM ROSE \u010cAJ ZA HELIKO BAKTERIJU \u2013 PRIRODNO RE\u0160ENJE ZA SIMPTOME ZARA\u017dENOSTI HELICOBACTER PYLORI<\/strong><\/p>\n<p class=\"\" data-start=\"104\" data-end=\"459\">Svi smo barem jednom iskusili nelagodnosti u \u017eelucu, ali kada su ti problemi u\u010destali i postanu svakodnevni, mo\u017eda je vreme da obratite pa\u017enju na uzrok. Helico bakterija, ili\u00a0<strong data-start=\"279\" data-end=\"302\">Helicobacter pylori<\/strong>, mo\u017ee izazvati niz neprijatnih simptoma, ali\u00a0<strong data-start=\"348\" data-end=\"385\">PRIM ROSE \u010daj za HELIKO BAKTERIJU<\/strong>\u00a0je tu da vam pomogne da se oslobodite bola, goru\u0161ice i drugih problema!<\/p>\n<p data-start=\"133\" data-end=\"500\">\ud83c\udf75 <strong data-start=\"136\" data-end=\"172\">PRIM ROSE \u010daj za helikobakteriju<\/strong><br data-start=\"172\" data-end=\"175\" \/>Infekcija bakterijom <em data-start=\"196\" data-end=\"217\">Helicobacter pylori<\/em> mo\u017ee biti vrlo nezgodna \u2013 uzrokuje nadutost, goru\u0161icu, bolove u stomaku i probavne smetnje koje se stalno vra\u0107aju. PRIM ROSE \u010daj za helikobakteriju pa\u017eljivo je osmi\u0161ljen da smiri \u017eeluda\u010dnu sluznicu, olak\u0161a varenje i pru\u017ei telu prirodnu podr\u0161ku u borbi protiv ove uporne bakterije.<\/p>\n<p data-start=\"502\" data-end=\"945\">\u2728 <strong data-start=\"504\" data-end=\"560\">Dodatna podr\u0161ka \u2013 PRIM ROSE Elixir u maslinovom ulju<\/strong><br data-start=\"560\" data-end=\"563\" \/>Za jo\u0161 sna\u017eniji efekat u \u010di\u0161\u0107enju organizma i ja\u010danju imuniteta, preporu\u010duje se i <a class=\"decorated-link\" href=\"https:\/\/primrosecajevi.rs\/product\/prim-rose-elixir-u-maslinovom-ulju\/\" target=\"_new\" rel=\"noopener\" data-start=\"645\" data-end=\"752\">PRIM ROSE Elixir u maslinovom ulju<\/a>. Njegova biljna kombinacija deluje kao prirodni imunobuster, poma\u017ee telu da se izbori sa upornim bakterijama i ubrzava proces oporavka \u017eeluca. Idealna dopuna \u010daju u terapiji helikobakterije.<\/p>\n","protected":false},"excerpt":{"rendered":"<h3 class=\"\" data-start=\"461\" data-end=\"522\"><strong data-start=\"465\" data-end=\"520\">Kako PRIM ROSE \u010daj za HELIKO BAKTERIJU mo\u017ee pomo\u0107i?<\/strong><\/h3>\n<p class=\"\" data-start=\"523\" data-end=\"975\">\ud83c\udf31 <strong data-start=\"526\" data-end=\"561\">Smanjuje bol i pe\u010denje u \u017eelucu<\/strong> \u2013 Deluje umiruju\u0107e na nadra\u017eene \u017eeluda\u010dne zidove, olak\u0161avaju\u0107i nelagodnosti.<br data-start=\"638\" data-end=\"641\" \/>\ud83d\udd25 <strong data-start=\"644\" data-end=\"680\">Ubla\u017eava goru\u0161icu i podrigivanje<\/strong> \u2013 Poma\u017ee u smanjenju kiseline u \u017eelucu i spre\u010dava vra\u0107anje sadr\u017eaja u jednjak.<br data-start=\"759\" data-end=\"762\" \/>\ud83d\udca8 <strong data-start=\"765\" data-end=\"796\">Smanjuje nadimanje i gasove<\/strong> \u2013 Olak\u0161ava probavu i smanjuje ose\u0107aj napetosti u stomaku.<br data-start=\"854\" data-end=\"857\" \/>\ud83e\udd22 <strong data-start=\"860\" data-end=\"900\">Poma\u017ee kod mu\u010dnine i gubitka apetita<\/strong> \u2013 Deluje blago na \u017eeludac, pobolj\u0161avaju\u0107i apetit i spre\u010davaju\u0107i mu\u010dnine.<\/p>\n<h3 class=\"\" data-start=\"977\" data-end=\"1036\"><strong data-start=\"981\" data-end=\"1034\">Za\u0161to odabrati PRIM ROSE \u010daj za HELIKO BAKTERIJU?<\/strong><\/h3>\n<p class=\"\" data-start=\"1037\" data-end=\"1378\">\ud83d\udd2c <strong data-start=\"1040\" data-end=\"1083\">Napravljen od biljaka organskog porekla<\/strong> \u2013 Siguran i prirodan na\u010din da podr\u017eite zdravlje svog \u017eeluca.<br data-start=\"1144\" data-end=\"1147\" \/>\ud83d\udc68\u200d\u2695\ufe0f <strong data-start=\"1153\" data-end=\"1199\">Saveti stru\u010dnjaka i besplatne konsultacije<\/strong> \u2013 Kao fitoterapeut, pru\u017eam vam podr\u0161ku kako biste postigli najbolje rezultate.<br data-start=\"1278\" data-end=\"1281\" \/>\ud83c\udf31 <strong data-start=\"1284\" data-end=\"1310\">Zdravlje bez nuspojava<\/strong> \u2013 Koristite prirodnu alternativu bez brige o ne\u017eeljenim efektima.<\/p>\n<h3 class=\"\" data-start=\"1380\" data-end=\"1430\"><strong data-start=\"1384\" data-end=\"1428\">Kakav je u\u010dinak kod dugotrajne upotrebe?<\/strong><\/h3>\n<p class=\"\" data-start=\"1431\" data-end=\"1673\">\ud83d\udd04 <strong data-start=\"1434\" data-end=\"1456\">Kumulativni efekat<\/strong> \u2013 Redovna upotreba \u010daja doprinosi pobolj\u0161anju probave i stabilizaciji \u017eeluda\u010dne flore.<br data-start=\"1543\" data-end=\"1546\" \/>\ud83c\udf43 <strong data-start=\"1549\" data-end=\"1580\">Osve\u017eava \u017eeluda\u010dne funkcije<\/strong> \u2013 Dugoro\u010dno deluje na smanjenje prisustva bakterije, pobolj\u0161avaju\u0107i op\u0161te zdravlje \u017eeluca.<\/p>\n<p class=\"\" data-start=\"1675\" data-end=\"1868\">Ako ste se ve\u0107 susreli sa Helicobacter pylori ili sumnjate na ovu bakteriju, <strong data-start=\"1752\" data-end=\"1789\">PRIM ROSE \u010daj za HELIKO BAKTERIJU<\/strong> mo\u017ee vam pru\u017eiti potrebnu olak\u0161icu i pomo\u0107i da se re\u0161ite neugodnih simptoma.<\/p>\n<p class=\"\" data-start=\"1870\" data-end=\"1967\">\ud83d\udc49 <strong data-start=\"1873\" data-end=\"1967\" data-is-last-node=\"\">Poru\u010dite PRIM ROSE \u010daj za HELIKO BAKTERIJU danas i ponovo u\u017eivajte u zdravlju svog \u017eeluca!<\/strong><\/p>\n","protected":false},"featured_media":80,"comment_status":"open","ping_status":"closed","template":"","meta":{"site-sidebar-layout":"default","site-content-layout":"default","ast-site-content-layout":"default","site-content-style":"default","site-sidebar-style":"default","ast-global-header-display":"","ast-banner-title-visibility":"","ast-main-header-display":"","ast-hfb-above-header-display":"","ast-hfb-below-header-display":"","ast-hfb-mobile-header-display":"","site-post-title":"","ast-breadcrumbs-content":"","ast-featured-img":"","footer-sml-layout":"","theme-transparent-header-meta":"default","adv-header-id-meta":"","stick-header-meta":"","header-above-stick-meta":"","header-main-stick-meta":"","header-below-stick-meta":"","astra-migrate-meta-layouts":"set","ast-page-background-enabled":"default","ast-page-background-meta":{"desktop":{"background-color":"","background-image":"","background-repeat":"repeat","background-position":"center center","background-size":"auto","background-attachment":"scroll","background-type":"","background-media":"","overlay-type":"","overlay-color":"","overlay-opacity":"","overlay-gradient":""},"tablet":{"background-color":"","background-image":"","background-repeat":"repeat","background-position":"center center","background-size":"auto","background-attachment":"scroll","background-type":"","background-media":"","overlay-type":"","overlay-color":"","overlay-opacity":"","overlay-gradient":""},"mobile":{"background-color":"","background-image":"","background-repeat":"repeat","background-position":"center center","background-size":"auto","background-attachment":"scroll","background-type":"","background-media":"","overlay-type":"","overlay-color":"","overlay-opacity":"","overlay-gradient":""}},"ast-content-background-meta":{"desktop":{"background-color":"var(--ast-global-color-5)","background-image":"","background-repeat":"repeat","background-position":"center center","background-size":"auto","background-attachment":"scroll","background-type":"","background-media":"","overlay-type":"","overlay-color":"","overlay-opacity":"","overlay-gradient":""},"tablet":{"background-color":"var(--ast-global-color-5)","background-image":"","background-repeat":"repeat","background-position":"center center","background-size":"auto","background-attachment":"scroll","background-type":"","background-media":"","overlay-type":"","overlay-color":"","overlay-opacity":"","overlay-gradient":""},"mobile":{"background-color":"var(--ast-global-color-5)","background-image":"","background-repeat":"repeat","background-position":"center center","background-size":"auto","background-attachment":"scroll","background-type":"","background-media":"","overlay-type":"","overlay-color":"","overlay-opacity":"","overlay-gradient":""}}},"product_brand":[],"product_cat":[18],"product_tag":[],"class_list":{"0":"post-79","1":"product","2":"type-product","3":"status-publish","4":"has-post-thumbnail","6":"product_cat-cajevi","7":"desktop-align-center","8":"tablet-align-center","9":"mobile-align-center","11":"first","12":"instock","13":"shipping-taxable","14":"purchasable","15":"product-type-simple"},"yoast_head":"<!-- This site is optimized with the Yoast SEO plugin v27.4 - https:\/\/yoast.com\/product\/yoast-seo-wordpress\/ -->\n<title>\u010daj za HELIKO BAKTERIJU | nadimanje | goru\u0161ica | mu\u010dnina |<\/title>\n<meta name=\"description\" content=\"Heliko bakterija izaziva bol i pe\u010denje u predelu \u017eeludca, goru\u0161ica, podrigivanje, nadimanje, mu\u010dnina i gubitak apetita, mu\u010dnina i gubitak apetita.\" \/>\n<meta name=\"robots\" content=\"index, follow, max-snippet:-1, max-image-preview:large, max-video-preview:-1\" \/>\n<link rel=\"canonical\" href=\"https:\/\/primrosecajevi.rs\/en\/product\/caj-za-heliko-bakteriju\/\" \/>\n<meta property=\"og:locale\" content=\"en_US\" \/>\n<meta property=\"og:type\" content=\"article\" \/>\n<meta property=\"og:title\" content=\"\u010daj za HELIKO BAKTERIJU | nadimanje | goru\u0161ica | mu\u010dnina |\" \/>\n<meta property=\"og:description\" content=\"Heliko bakterija izaziva bol i pe\u010denje u predelu \u017eeludca, goru\u0161ica, podrigivanje, nadimanje, mu\u010dnina i gubitak apetita, mu\u010dnina i gubitak apetita.\" \/>\n<meta property=\"og:url\" content=\"https:\/\/primrosecajevi.rs\/en\/product\/caj-za-heliko-bakteriju\/\" \/>\n<meta property=\"og:site_name\" content=\"Prim Rose \u010cajevi\" \/>\n<meta property=\"article:publisher\" content=\"https:\/\/www.facebook.com\/primrose.subotica\/\" \/>\n<meta property=\"article:modified_time\" content=\"2026-03-03T08:39:36+00:00\" \/>\n<meta property=\"og:image\" content=\"https:\/\/primrosecajevi.rs\/wp-content\/uploads\/2023\/06\/09heliko.jpg\" \/>\n\t<meta property=\"og:image:width\" content=\"1080\" \/>\n\t<meta property=\"og:image:height\" content=\"1080\" \/>\n\t<meta property=\"og:image:type\" content=\"image\/jpeg\" \/>\n<meta name=\"twitter:card\" content=\"summary_large_image\" \/>\n<script type=\"application\/ld+json\" class=\"yoast-schema-graph\">{\"@context\":\"https:\\\/\\\/schema.org\",\"@graph\":[{\"@type\":\"WebPage\",\"@id\":\"https:\\\/\\\/primrosecajevi.rs\\\/product\\\/caj-za-heliko-bakteriju\\\/\",\"url\":\"https:\\\/\\\/primrosecajevi.rs\\\/product\\\/caj-za-heliko-bakteriju\\\/\",\"name\":\"\u010daj za HELIKO BAKTERIJU | nadimanje | goru\u0161ica | mu\u010dnina |\",\"isPartOf\":{\"@id\":\"https:\\\/\\\/primrosecajevi.rs\\\/#website\"},\"primaryImageOfPage\":{\"@id\":\"https:\\\/\\\/primrosecajevi.rs\\\/product\\\/caj-za-heliko-bakteriju\\\/#primaryimage\"},\"image\":{\"@id\":\"https:\\\/\\\/primrosecajevi.rs\\\/product\\\/caj-za-heliko-bakteriju\\\/#primaryimage\"},\"thumbnailUrl\":\"https:\\\/\\\/primrosecajevi.rs\\\/wp-content\\\/uploads\\\/2023\\\/06\\\/09heliko.jpg\",\"datePublished\":\"2023-06-02T11:04:19+00:00\",\"dateModified\":\"2026-03-03T08:39:36+00:00\",\"description\":\"Heliko bakterija izaziva bol i pe\u010denje u predelu \u017eeludca, goru\u0161ica, podrigivanje, nadimanje, mu\u010dnina i gubitak apetita, mu\u010dnina i gubitak apetita.\",\"breadcrumb\":{\"@id\":\"https:\\\/\\\/primrosecajevi.rs\\\/product\\\/caj-za-heliko-bakteriju\\\/#breadcrumb\"},\"inLanguage\":\"en\",\"potentialAction\":[{\"@type\":\"ReadAction\",\"target\":[\"https:\\\/\\\/primrosecajevi.rs\\\/product\\\/caj-za-heliko-bakteriju\\\/\"]}]},{\"@type\":\"ImageObject\",\"inLanguage\":\"en\",\"@id\":\"https:\\\/\\\/primrosecajevi.rs\\\/product\\\/caj-za-heliko-bakteriju\\\/#primaryimage\",\"url\":\"https:\\\/\\\/primrosecajevi.rs\\\/wp-content\\\/uploads\\\/2023\\\/06\\\/09heliko.jpg\",\"contentUrl\":\"https:\\\/\\\/primrosecajevi.rs\\\/wp-content\\\/uploads\\\/2023\\\/06\\\/09heliko.jpg\",\"width\":1080,\"height\":1080,\"caption\":\"Prim Rose \u010daj za heliko bakteriju - Prirodni biljni napitak za pobolj\u0161anje zdravlja \u017eeluca.\"},{\"@type\":\"BreadcrumbList\",\"@id\":\"https:\\\/\\\/primrosecajevi.rs\\\/product\\\/caj-za-heliko-bakteriju\\\/#breadcrumb\",\"itemListElement\":[{\"@type\":\"ListItem\",\"position\":1,\"name\":\"Home\",\"item\":\"https:\\\/\\\/primrosecajevi.rs\\\/\"},{\"@type\":\"ListItem\",\"position\":2,\"name\":\"Shop\",\"item\":\"https:\\\/\\\/primrosecajevi.rs\\\/shop-2\\\/\"},{\"@type\":\"ListItem\",\"position\":3,\"name\":\"\u010daj za HELIKO BAKTERIJU\"}]},{\"@type\":\"WebSite\",\"@id\":\"https:\\\/\\\/primrosecajevi.rs\\\/#website\",\"url\":\"https:\\\/\\\/primrosecajevi.rs\\\/\",\"name\":\"Prim Rose \u010cajevi\",\"description\":\"Prirodni put ka izle\u010denju\",\"publisher\":{\"@id\":\"https:\\\/\\\/primrosecajevi.rs\\\/#organization\"},\"alternateName\":\"Prim Rose Elixiri\",\"potentialAction\":[{\"@type\":\"SearchAction\",\"target\":{\"@type\":\"EntryPoint\",\"urlTemplate\":\"https:\\\/\\\/primrosecajevi.rs\\\/?s={search_term_string}\"},\"query-input\":{\"@type\":\"PropertyValueSpecification\",\"valueRequired\":true,\"valueName\":\"search_term_string\"}}],\"inLanguage\":\"en\"},{\"@type\":\"Organization\",\"@id\":\"https:\\\/\\\/primrosecajevi.rs\\\/#organization\",\"name\":\"Prim Rose Cajevi\",\"alternateName\":\"Prim Rose Elixiri\",\"url\":\"https:\\\/\\\/primrosecajevi.rs\\\/\",\"logo\":{\"@type\":\"ImageObject\",\"inLanguage\":\"en\",\"@id\":\"https:\\\/\\\/primrosecajevi.rs\\\/#\\\/schema\\\/logo\\\/image\\\/\",\"url\":\"https:\\\/\\\/primrosecajevi.rs\\\/wp-content\\\/uploads\\\/2023\\\/06\\\/logooooo-300x300-1.png\",\"contentUrl\":\"https:\\\/\\\/primrosecajevi.rs\\\/wp-content\\\/uploads\\\/2023\\\/06\\\/logooooo-300x300-1.png\",\"width\":300,\"height\":300,\"caption\":\"Prim Rose Cajevi\"},\"image\":{\"@id\":\"https:\\\/\\\/primrosecajevi.rs\\\/#\\\/schema\\\/logo\\\/image\\\/\"},\"sameAs\":[\"https:\\\/\\\/www.facebook.com\\\/primrose.subotica\\\/\",\"https:\\\/\\\/www.instagram.com\\\/primrosecajevi\\\/\"]}]}<\/script>\n<!-- \/ Yoast SEO plugin. -->","yoast_head_json":{"title":"\u010daj za HELIKO BAKTERIJU | nadimanje | goru\u0161ica | mu\u010dnina |","description":"Heliko bakterija izaziva bol i pe\u010denje u predelu \u017eeludca, goru\u0161ica, podrigivanje, nadimanje, mu\u010dnina i gubitak apetita, mu\u010dnina i gubitak apetita.","robots":{"index":"index","follow":"follow","max-snippet":"max-snippet:-1","max-image-preview":"max-image-preview:large","max-video-preview":"max-video-preview:-1"},"canonical":"https:\/\/primrosecajevi.rs\/en\/product\/caj-za-heliko-bakteriju\/","og_locale":"en_US","og_type":"article","og_title":"\u010daj za HELIKO BAKTERIJU | nadimanje | goru\u0161ica | mu\u010dnina |","og_description":"Heliko bakterija izaziva bol i pe\u010denje u predelu \u017eeludca, goru\u0161ica, podrigivanje, nadimanje, mu\u010dnina i gubitak apetita, mu\u010dnina i gubitak apetita.","og_url":"https:\/\/primrosecajevi.rs\/en\/product\/caj-za-heliko-bakteriju\/","og_site_name":"Prim Rose \u010cajevi","article_publisher":"https:\/\/www.facebook.com\/primrose.subotica\/","article_modified_time":"2026-03-03T08:39:36+00:00","og_image":[{"width":1080,"height":1080,"url":"https:\/\/primrosecajevi.rs\/wp-content\/uploads\/2023\/06\/09heliko.jpg","type":"image\/jpeg"}],"twitter_card":"summary_large_image","schema":{"@context":"https:\/\/schema.org","@graph":[{"@type":"WebPage","@id":"https:\/\/primrosecajevi.rs\/product\/caj-za-heliko-bakteriju\/","url":"https:\/\/primrosecajevi.rs\/product\/caj-za-heliko-bakteriju\/","name":"\u010daj za HELIKO BAKTERIJU | nadimanje | goru\u0161ica | mu\u010dnina |","isPartOf":{"@id":"https:\/\/primrosecajevi.rs\/#website"},"primaryImageOfPage":{"@id":"https:\/\/primrosecajevi.rs\/product\/caj-za-heliko-bakteriju\/#primaryimage"},"image":{"@id":"https:\/\/primrosecajevi.rs\/product\/caj-za-heliko-bakteriju\/#primaryimage"},"thumbnailUrl":"https:\/\/primrosecajevi.rs\/wp-content\/uploads\/2023\/06\/09heliko.jpg","datePublished":"2023-06-02T11:04:19+00:00","dateModified":"2026-03-03T08:39:36+00:00","description":"Heliko bakterija izaziva bol i pe\u010denje u predelu \u017eeludca, goru\u0161ica, podrigivanje, nadimanje, mu\u010dnina i gubitak apetita, mu\u010dnina i gubitak apetita.","breadcrumb":{"@id":"https:\/\/primrosecajevi.rs\/product\/caj-za-heliko-bakteriju\/#breadcrumb"},"inLanguage":"en","potentialAction":[{"@type":"ReadAction","target":["https:\/\/primrosecajevi.rs\/product\/caj-za-heliko-bakteriju\/"]}]},{"@type":"ImageObject","inLanguage":"en","@id":"https:\/\/primrosecajevi.rs\/product\/caj-za-heliko-bakteriju\/#primaryimage","url":"https:\/\/primrosecajevi.rs\/wp-content\/uploads\/2023\/06\/09heliko.jpg","contentUrl":"https:\/\/primrosecajevi.rs\/wp-content\/uploads\/2023\/06\/09heliko.jpg","width":1080,"height":1080,"caption":"Prim Rose \u010daj za heliko bakteriju - Prirodni biljni napitak za pobolj\u0161anje zdravlja \u017eeluca."},{"@type":"BreadcrumbList","@id":"https:\/\/primrosecajevi.rs\/product\/caj-za-heliko-bakteriju\/#breadcrumb","itemListElement":[{"@type":"ListItem","position":1,"name":"Home","item":"https:\/\/primrosecajevi.rs\/"},{"@type":"ListItem","position":2,"name":"Shop","item":"https:\/\/primrosecajevi.rs\/shop-2\/"},{"@type":"ListItem","position":3,"name":"\u010daj za HELIKO BAKTERIJU"}]},{"@type":"WebSite","@id":"https:\/\/primrosecajevi.rs\/#website","url":"https:\/\/primrosecajevi.rs\/","name":"Prim Rose \u010cajevi","description":"Prirodni put ka izle\u010denju","publisher":{"@id":"https:\/\/primrosecajevi.rs\/#organization"},"alternateName":"Prim Rose Elixiri","potentialAction":[{"@type":"SearchAction","target":{"@type":"EntryPoint","urlTemplate":"https:\/\/primrosecajevi.rs\/?s={search_term_string}"},"query-input":{"@type":"PropertyValueSpecification","valueRequired":true,"valueName":"search_term_string"}}],"inLanguage":"en"},{"@type":"Organization","@id":"https:\/\/primrosecajevi.rs\/#organization","name":"Prim Rose Cajevi","alternateName":"Prim Rose Elixiri","url":"https:\/\/primrosecajevi.rs\/","logo":{"@type":"ImageObject","inLanguage":"en","@id":"https:\/\/primrosecajevi.rs\/#\/schema\/logo\/image\/","url":"https:\/\/primrosecajevi.rs\/wp-content\/uploads\/2023\/06\/logooooo-300x300-1.png","contentUrl":"https:\/\/primrosecajevi.rs\/wp-content\/uploads\/2023\/06\/logooooo-300x300-1.png","width":300,"height":300,"caption":"Prim Rose Cajevi"},"image":{"@id":"https:\/\/primrosecajevi.rs\/#\/schema\/logo\/image\/"},"sameAs":["https:\/\/www.facebook.com\/primrose.subotica\/","https:\/\/www.instagram.com\/primrosecajevi\/"]}]}},"_links":{"self":[{"href":"https:\/\/primrosecajevi.rs\/en\/wp-json\/wp\/v2\/product\/79","targetHints":{"allow":["GET"]}}],"collection":[{"href":"https:\/\/primrosecajevi.rs\/en\/wp-json\/wp\/v2\/product"}],"about":[{"href":"https:\/\/primrosecajevi.rs\/en\/wp-json\/wp\/v2\/types\/product"}],"replies":[{"embeddable":true,"href":"https:\/\/primrosecajevi.rs\/en\/wp-json\/wp\/v2\/comments?post=79"}],"wp:featuredmedia":[{"embeddable":true,"href":"https:\/\/primrosecajevi.rs\/en\/wp-json\/wp\/v2\/media\/80"}],"wp:attachment":[{"href":"https:\/\/primrosecajevi.rs\/en\/wp-json\/wp\/v2\/media?parent=79"}],"wp:term":[{"taxonomy":"product_brand","embeddable":true,"href":"https:\/\/primrosecajevi.rs\/en\/wp-json\/wp\/v2\/product_brand?post=79"},{"taxonomy":"product_cat","embeddable":true,"href":"https:\/\/primrosecajevi.rs\/en\/wp-json\/wp\/v2\/product_cat?post=79"},{"taxonomy":"product_tag","embeddable":true,"href":"https:\/\/primrosecajevi.rs\/en\/wp-json\/wp\/v2\/product_tag?post=79"}],"curies":[{"name":"wp","href":"https:\/\/api.w.org\/{rel}","templated":true}]}}