{"id":78,"date":"2023-06-02T11:01:31","date_gmt":"2023-06-02T11:01:31","guid":{"rendered":"https:\/\/primrosecajevi.rs\/?post_type=product&#038;p=78"},"modified":"2026-03-03T08:39:45","modified_gmt":"2026-03-03T08:39:45","slug":"caj-za-disajne-organe","status":"publish","type":"product","link":"https:\/\/primrosecajevi.rs\/en\/product\/caj-za-disajne-organe\/","title":{"rendered":"\u010daj za DISAJNE ORGANE"},"content":{"rendered":"<p>Prim Rose \u010daj za DISAJNE ORGANE olak\u0161avaju tegobe kod ka\u0161lja i poma\u017eu pri izbacivanju \u0161lajma iz plu\u0107a. Poma\u017ee kod prehlada, gripa, angine, upale plu\u0107a, bronhitisa i astme.<\/p>\n<p data-start=\"280\" data-end=\"578\">\ud83c\udf75 <strong data-start=\"283\" data-end=\"318\">PRIM ROSE \u010daj za disajne organe<\/strong><br data-start=\"318\" data-end=\"321\" \/>Ka\u0161alj, ote\u017eano disanje i upale disajnih puteva znaju da iscrpe organizam i smanje otpornost na spoljne uticaje. PRIM ROSE \u010daj za disajne organe blagotvorno deluje na plu\u0107a i bronhije, olak\u0161ava iska\u0161ljavanje i poma\u017ee telu da povrati snagu i mirno disanje.<\/p>\n<p data-start=\"580\" data-end=\"714\">\u2728 <strong data-start=\"582\" data-end=\"636\">Dodatna podr\u0161ka \u2013 PRIM ROSE Elixir u ulju ili medu<\/strong><br data-start=\"636\" data-end=\"639\" \/>Za jo\u0161 ja\u010du za\u0161titu i br\u017ei oporavak, \u010daj se mo\u017ee kombinovati sa Elixirom.<\/p>\n<ul data-start=\"715\" data-end=\"1122\">\n<li data-start=\"715\" data-end=\"896\">\n<p data-start=\"717\" data-end=\"896\"><a class=\"decorated-link\" href=\"https:\/\/primrosecajevi.rs\/product\/prim-rose-elixir-u-maslinovom-ulju\/\" target=\"_new\" rel=\"noopener\" data-start=\"717\" data-end=\"824\">PRIM ROSE Elixir u maslinovom ulju<\/a> \u2013 idealan je za ja\u010danje imuniteta i borbu protiv upornijih bakterija.<\/p>\n<\/li>\n<li data-start=\"897\" data-end=\"1122\">\n<p data-start=\"899\" data-end=\"1122\"><a class=\"decorated-link\" href=\"https:\/\/primrosecajevi.rs\/product\/prim-rose-elixir-u-medu\/\" target=\"_new\" rel=\"noopener\" data-start=\"899\" data-end=\"984\">PRIM ROSE Elixir u medu<\/a> \u2013 prirodno sladak i prijatan, posebno koristan za decu i one koji \u017eele ne\u017eniji, ali sna\u017ean saveznik protiv tegoba sa disajnim organima.<\/p>\n<\/li>\n<\/ul>\n<p data-start=\"1124\" data-end=\"1220\">Zajedno sa \u010dajem, oba Elixira predstavljaju mo\u0107an tandem za za\u0161titu i obnovu disajnog sistema.<\/p>\n","protected":false},"excerpt":{"rendered":"<h3 class=\"\" data-start=\"0\" data-end=\"65\"><strong data-start=\"4\" data-end=\"63\">PRIM ROSE \u010cAJ ZA DISAJNE ORGANE \u2013 DUBOK UDISAJ ZDRAVLJA<\/strong><\/h3>\n<p class=\"\" data-start=\"67\" data-end=\"291\"><strong data-start=\"67\" data-end=\"120\">Oslobodite svoja plu\u0107a i prodi\u0161ite punim plu\u0107ima!<\/strong> PRIM ROSE \u010daj za DISAJNE ORGANE je pa\u017eljivo osmi\u0161ljena biljna formula koja <strong data-start=\"196\" data-end=\"288\">ubla\u017eava ka\u0161alj, olak\u0161ava iska\u0161ljavanje \u0161lajma i poma\u017ee kod svih tegoba disajnog sistema<\/strong>.<\/p>\n<h3 class=\"\" data-start=\"293\" data-end=\"356\"><strong data-start=\"297\" data-end=\"354\">Za\u0161to je PRIM ROSE \u010daj za DISAJNE ORGANE pravi izbor?<\/strong><\/h3>\n<p class=\"\" data-start=\"357\" data-end=\"473\">Njegova mo\u0107na kombinacija <strong data-start=\"383\" data-end=\"404\">organskih biljaka<\/strong> pru\u017ea <strong data-start=\"411\" data-end=\"436\">brzu i efikasnu pomo\u0107<\/strong> kod problema sa disajnim organima:<\/p>\n<p class=\"\" data-start=\"475\" data-end=\"833\">\u2705 <strong data-start=\"477\" data-end=\"504\">Osloba\u0111a disajne puteve<\/strong> \u2013 olak\u0161ava disanje i smanjuje ose\u0107aj stezanja u grudima<br data-start=\"560\" data-end=\"563\" \/>\u2705 <strong data-start=\"565\" data-end=\"589\">Poma\u017ee iska\u0161ljavanje<\/strong> \u2013 efikasno razbija i izbacuje \u0161lajm iz plu\u0107a<br data-start=\"634\" data-end=\"637\" \/>\u2705 <strong data-start=\"639\" data-end=\"658\">Ubla\u017eava ka\u0161alj<\/strong> \u2013 smanjuje nadra\u017eajni i hroni\u010dni ka\u0161alj<br data-start=\"698\" data-end=\"701\" \/>\u2705 <strong data-start=\"703\" data-end=\"726\">Deluje protiv upala<\/strong> \u2013 smiruje iritaciju grla i disajnih puteva<br data-start=\"769\" data-end=\"772\" \/>\u2705 <strong data-start=\"774\" data-end=\"791\">Ja\u010da imunitet<\/strong> \u2013 podr\u017eava prirodnu otpornost organizma<\/p>\n<h3 class=\"\" data-start=\"835\" data-end=\"869\"><strong data-start=\"839\" data-end=\"867\">Kod kojih stanja poma\u017ee?<\/strong><\/h3>\n<p class=\"\" data-start=\"870\" data-end=\"1267\">\ud83d\udca8 <strong data-start=\"873\" data-end=\"892\">Prehlada i grip<\/strong> \u2013 olak\u0161ava simptome i ubrzava oporavak<br data-start=\"931\" data-end=\"934\" \/>\ud83e\udd27 <strong data-start=\"937\" data-end=\"964\">Bronhitis i upala plu\u0107a<\/strong> \u2013 smanjuje upalu i pobolj\u0161ava prohodnost plu\u0107a<br data-start=\"1011\" data-end=\"1014\" \/>\ud83d\ude37 <strong data-start=\"1017\" data-end=\"1037\">Astma i alergije<\/strong> \u2013 poma\u017ee kod ote\u017eanog disanja i smanjuje napade ka\u0161lja<br data-start=\"1092\" data-end=\"1095\" \/>\ud83d\udca8 <strong data-start=\"1098\" data-end=\"1137\">Hroni\u010dni ka\u0161alj i pu\u0161a\u010dki bronhitis<\/strong> \u2013 obnavlja plu\u0107no tkivo i poma\u017ee u \u010di\u0161\u0107enju disajnih puteva<br data-start=\"1197\" data-end=\"1200\" \/>\ud83c\udf3f <strong data-start=\"1203\" data-end=\"1216\">TBC plu\u0107a<\/strong> \u2013 dodatna prirodna podr\u0161ka za regeneraciju plu\u0107a<\/p>\n<h3 class=\"\" data-start=\"1269\" data-end=\"1305\"><strong data-start=\"1273\" data-end=\"1303\">Kako deluje PRIM ROSE \u010daj?<\/strong><\/h3>\n<p class=\"\" data-start=\"1306\" data-end=\"1616\">\ud83c\udf2c <strong data-start=\"1309\" data-end=\"1334\">Otvara disajne puteve<\/strong> \u2013 olak\u0161ava disanje i smanjuje ote\u017ean protok vazduha<br data-start=\"1386\" data-end=\"1389\" \/>\ud83d\udd25 <strong data-start=\"1392\" data-end=\"1415\">Deluje protivupalno<\/strong> \u2013 smiruje upalu sluzoko\u017ee disajnih organa<br data-start=\"1457\" data-end=\"1460\" \/>\ud83d\udca7 <strong data-start=\"1463\" data-end=\"1493\">Poma\u017ee izbacivanje sekreta<\/strong> \u2013 pro\u010di\u0161\u0107ava plu\u0107a i smanjuje zadr\u017eavanje \u0161lajma<br data-start=\"1542\" data-end=\"1545\" \/>\ud83d\udcaa <strong data-start=\"1548\" data-end=\"1573\">Ja\u010da plu\u0107a i imunitet<\/strong> \u2013 \u010dini organizam otpornijim na infekcije<\/p>\n<h3 class=\"\" data-start=\"1618\" data-end=\"1656\"><strong data-start=\"1622\" data-end=\"1654\">Za koga je ovaj \u010daj idealan?<\/strong><\/h3>\n<p class=\"\" data-start=\"1657\" data-end=\"1918\">\u2714 Osobe koje se <strong data-start=\"1673\" data-end=\"1722\">\u010desto prehla\u0111uju i imaju problema sa disanjem<\/strong><br data-start=\"1722\" data-end=\"1725\" \/>\u2714 Ljude sa <strong data-start=\"1736\" data-end=\"1776\">astmom, bronhitisom ili upalom plu\u0107a<\/strong><br data-start=\"1776\" data-end=\"1779\" \/>\u2714 Pu\u0161a\u010de koji \u017eele da <strong data-start=\"1801\" data-end=\"1855\">o\u010diste plu\u0107a i pobolj\u0161aju funkciju disajnih organa<\/strong><br data-start=\"1855\" data-end=\"1858\" \/>\u2714 One koji pate od <strong data-start=\"1877\" data-end=\"1916\">hroni\u010dnog ka\u0161lja i zapu\u0161enih sinusa<\/strong><\/p>\n<h3 class=\"\" data-start=\"1920\" data-end=\"1954\"><strong data-start=\"1924\" data-end=\"1952\">Za\u0161to ba\u0161 PRIM ROSE \u010daj?<\/strong><\/h3>\n<p class=\"\" data-start=\"1955\" data-end=\"2164\">\ud83d\udc9a <strong data-start=\"1958\" data-end=\"1982\">100% prirodan sastav<\/strong> \u2013 bez hemikalija i ve\u0161ta\u010dkih dodataka<br data-start=\"2020\" data-end=\"2023\" \/>\ud83d\udc69\u200d\u2695 <strong data-start=\"2028\" data-end=\"2090\">Razvijen od strane fitoterapeuta i zdravstvenih stru\u010dnjaka<\/strong><br data-start=\"2090\" data-end=\"2093\" \/>\ud83d\udcde <strong data-start=\"2096\" data-end=\"2122\">Besplatne konsultacije<\/strong> \u2013 pomo\u0107 u odabiru pravog re\u0161enja za vas<\/p>\n<p class=\"\" data-start=\"2166\" data-end=\"2288\">\ud83c\udf3f <strong data-start=\"2169\" data-end=\"2216\">Udahnite zdravlje i oslobodite svoja plu\u0107a!<\/strong><br data-start=\"2216\" data-end=\"2219\" \/>\ud83d\udc49 <strong data-start=\"2222\" data-end=\"2288\" data-is-last-node=\"\">Poru\u010dite PRIM ROSE \u010daj za DISAJNE ORGANE i prodi\u0161ite slobodno!<\/strong><\/p>\n","protected":false},"featured_media":69,"comment_status":"open","ping_status":"closed","template":"","meta":{"site-sidebar-layout":"default","site-content-layout":"default","ast-site-content-layout":"default","site-content-style":"default","site-sidebar-style":"default","ast-global-header-display":"","ast-banner-title-visibility":"","ast-main-header-display":"","ast-hfb-above-header-display":"","ast-hfb-below-header-display":"","ast-hfb-mobile-header-display":"","site-post-title":"","ast-breadcrumbs-content":"","ast-featured-img":"","footer-sml-layout":"","theme-transparent-header-meta":"default","adv-header-id-meta":"","stick-header-meta":"","header-above-stick-meta":"","header-main-stick-meta":"","header-below-stick-meta":"","astra-migrate-meta-layouts":"set","ast-page-background-enabled":"default","ast-page-background-meta":{"desktop":{"background-color":"","background-image":"","background-repeat":"repeat","background-position":"center center","background-size":"auto","background-attachment":"scroll","background-type":"","background-media":"","overlay-type":"","overlay-color":"","overlay-opacity":"","overlay-gradient":""},"tablet":{"background-color":"","background-image":"","background-repeat":"repeat","background-position":"center center","background-size":"auto","background-attachment":"scroll","background-type":"","background-media":"","overlay-type":"","overlay-color":"","overlay-opacity":"","overlay-gradient":""},"mobile":{"background-color":"","background-image":"","background-repeat":"repeat","background-position":"center center","background-size":"auto","background-attachment":"scroll","background-type":"","background-media":"","overlay-type":"","overlay-color":"","overlay-opacity":"","overlay-gradient":""}},"ast-content-background-meta":{"desktop":{"background-color":"var(--ast-global-color-5)","background-image":"","background-repeat":"repeat","background-position":"center center","background-size":"auto","background-attachment":"scroll","background-type":"","background-media":"","overlay-type":"","overlay-color":"","overlay-opacity":"","overlay-gradient":""},"tablet":{"background-color":"var(--ast-global-color-5)","background-image":"","background-repeat":"repeat","background-position":"center center","background-size":"auto","background-attachment":"scroll","background-type":"","background-media":"","overlay-type":"","overlay-color":"","overlay-opacity":"","overlay-gradient":""},"mobile":{"background-color":"var(--ast-global-color-5)","background-image":"","background-repeat":"repeat","background-position":"center center","background-size":"auto","background-attachment":"scroll","background-type":"","background-media":"","overlay-type":"","overlay-color":"","overlay-opacity":"","overlay-gradient":""}}},"product_brand":[],"product_cat":[18],"product_tag":[],"class_list":{"0":"post-78","1":"product","2":"type-product","3":"status-publish","4":"has-post-thumbnail","6":"product_cat-cajevi","7":"desktop-align-center","8":"tablet-align-center","9":"mobile-align-center","11":"first","12":"instock","13":"shipping-taxable","14":"purchasable","15":"product-type-simple"},"yoast_head":"<!-- This site is optimized with the Yoast SEO plugin v27.4 - https:\/\/yoast.com\/product\/yoast-seo-wordpress\/ -->\n<title>Prim Rose \u010daj za DISAJNE ORGANE | Angine | Bronhitisa | Astme<\/title>\n<meta name=\"description\" content=\"\u010daj za DISAJNE ORGANE olak\u0161avaju tegobe kod ka\u0161lja i poma\u017eu pri izbacivanju \u0161lajma iz plu\u0107a. Poma\u017ee kod prehlada, gripa, angine, upale plu\u0107a, bronhitisa\" \/>\n<meta name=\"robots\" content=\"index, follow, max-snippet:-1, max-image-preview:large, max-video-preview:-1\" \/>\n<link rel=\"canonical\" href=\"https:\/\/primrosecajevi.rs\/en\/product\/caj-za-disajne-organe\/\" \/>\n<meta property=\"og:locale\" content=\"en_US\" \/>\n<meta property=\"og:type\" content=\"article\" \/>\n<meta property=\"og:title\" content=\"Prim Rose \u010daj za DISAJNE ORGANE | Angine | Bronhitisa | Astme\" \/>\n<meta property=\"og:description\" content=\"\u010daj za DISAJNE ORGANE olak\u0161avaju tegobe kod ka\u0161lja i poma\u017eu pri izbacivanju \u0161lajma iz plu\u0107a. Poma\u017ee kod prehlada, gripa, angine, upale plu\u0107a, bronhitisa\" \/>\n<meta property=\"og:url\" content=\"https:\/\/primrosecajevi.rs\/en\/product\/caj-za-disajne-organe\/\" \/>\n<meta property=\"og:site_name\" content=\"Prim Rose \u010cajevi\" \/>\n<meta property=\"article:publisher\" content=\"https:\/\/www.facebook.com\/primrose.subotica\/\" \/>\n<meta property=\"article:modified_time\" content=\"2026-03-03T08:39:45+00:00\" \/>\n<meta property=\"og:image\" content=\"https:\/\/primrosecajevi.rs\/wp-content\/uploads\/2023\/06\/03disajni.jpg\" \/>\n\t<meta property=\"og:image:width\" content=\"939\" \/>\n\t<meta property=\"og:image:height\" content=\"939\" \/>\n\t<meta property=\"og:image:type\" content=\"image\/jpeg\" \/>\n<meta name=\"twitter:card\" content=\"summary_large_image\" \/>\n<script type=\"application\/ld+json\" class=\"yoast-schema-graph\">{\"@context\":\"https:\\\/\\\/schema.org\",\"@graph\":[{\"@type\":\"WebPage\",\"@id\":\"https:\\\/\\\/primrosecajevi.rs\\\/product\\\/caj-za-disajne-organe\\\/\",\"url\":\"https:\\\/\\\/primrosecajevi.rs\\\/product\\\/caj-za-disajne-organe\\\/\",\"name\":\"Prim Rose \u010daj za DISAJNE ORGANE | Angine | Bronhitisa | Astme\",\"isPartOf\":{\"@id\":\"https:\\\/\\\/primrosecajevi.rs\\\/#website\"},\"primaryImageOfPage\":{\"@id\":\"https:\\\/\\\/primrosecajevi.rs\\\/product\\\/caj-za-disajne-organe\\\/#primaryimage\"},\"image\":{\"@id\":\"https:\\\/\\\/primrosecajevi.rs\\\/product\\\/caj-za-disajne-organe\\\/#primaryimage\"},\"thumbnailUrl\":\"https:\\\/\\\/primrosecajevi.rs\\\/wp-content\\\/uploads\\\/2023\\\/06\\\/03disajni.jpg\",\"datePublished\":\"2023-06-02T11:01:31+00:00\",\"dateModified\":\"2026-03-03T08:39:45+00:00\",\"description\":\"\u010daj za DISAJNE ORGANE olak\u0161avaju tegobe kod ka\u0161lja i poma\u017eu pri izbacivanju \u0161lajma iz plu\u0107a. Poma\u017ee kod prehlada, gripa, angine, upale plu\u0107a, bronhitisa\",\"breadcrumb\":{\"@id\":\"https:\\\/\\\/primrosecajevi.rs\\\/product\\\/caj-za-disajne-organe\\\/#breadcrumb\"},\"inLanguage\":\"en\",\"potentialAction\":[{\"@type\":\"ReadAction\",\"target\":[\"https:\\\/\\\/primrosecajevi.rs\\\/product\\\/caj-za-disajne-organe\\\/\"]}]},{\"@type\":\"ImageObject\",\"inLanguage\":\"en\",\"@id\":\"https:\\\/\\\/primrosecajevi.rs\\\/product\\\/caj-za-disajne-organe\\\/#primaryimage\",\"url\":\"https:\\\/\\\/primrosecajevi.rs\\\/wp-content\\\/uploads\\\/2023\\\/06\\\/03disajni.jpg\",\"contentUrl\":\"https:\\\/\\\/primrosecajevi.rs\\\/wp-content\\\/uploads\\\/2023\\\/06\\\/03disajni.jpg\",\"width\":939,\"height\":939},{\"@type\":\"BreadcrumbList\",\"@id\":\"https:\\\/\\\/primrosecajevi.rs\\\/product\\\/caj-za-disajne-organe\\\/#breadcrumb\",\"itemListElement\":[{\"@type\":\"ListItem\",\"position\":1,\"name\":\"Home\",\"item\":\"https:\\\/\\\/primrosecajevi.rs\\\/\"},{\"@type\":\"ListItem\",\"position\":2,\"name\":\"Shop\",\"item\":\"https:\\\/\\\/primrosecajevi.rs\\\/shop-2\\\/\"},{\"@type\":\"ListItem\",\"position\":3,\"name\":\"\u010daj za DISAJNE ORGANE\"}]},{\"@type\":\"WebSite\",\"@id\":\"https:\\\/\\\/primrosecajevi.rs\\\/#website\",\"url\":\"https:\\\/\\\/primrosecajevi.rs\\\/\",\"name\":\"Prim Rose \u010cajevi\",\"description\":\"Prirodni put ka izle\u010denju\",\"publisher\":{\"@id\":\"https:\\\/\\\/primrosecajevi.rs\\\/#organization\"},\"alternateName\":\"Prim Rose Elixiri\",\"potentialAction\":[{\"@type\":\"SearchAction\",\"target\":{\"@type\":\"EntryPoint\",\"urlTemplate\":\"https:\\\/\\\/primrosecajevi.rs\\\/?s={search_term_string}\"},\"query-input\":{\"@type\":\"PropertyValueSpecification\",\"valueRequired\":true,\"valueName\":\"search_term_string\"}}],\"inLanguage\":\"en\"},{\"@type\":\"Organization\",\"@id\":\"https:\\\/\\\/primrosecajevi.rs\\\/#organization\",\"name\":\"Prim Rose Cajevi\",\"alternateName\":\"Prim Rose Elixiri\",\"url\":\"https:\\\/\\\/primrosecajevi.rs\\\/\",\"logo\":{\"@type\":\"ImageObject\",\"inLanguage\":\"en\",\"@id\":\"https:\\\/\\\/primrosecajevi.rs\\\/#\\\/schema\\\/logo\\\/image\\\/\",\"url\":\"https:\\\/\\\/primrosecajevi.rs\\\/wp-content\\\/uploads\\\/2023\\\/06\\\/logooooo-300x300-1.png\",\"contentUrl\":\"https:\\\/\\\/primrosecajevi.rs\\\/wp-content\\\/uploads\\\/2023\\\/06\\\/logooooo-300x300-1.png\",\"width\":300,\"height\":300,\"caption\":\"Prim Rose Cajevi\"},\"image\":{\"@id\":\"https:\\\/\\\/primrosecajevi.rs\\\/#\\\/schema\\\/logo\\\/image\\\/\"},\"sameAs\":[\"https:\\\/\\\/www.facebook.com\\\/primrose.subotica\\\/\",\"https:\\\/\\\/www.instagram.com\\\/primrosecajevi\\\/\"]}]}<\/script>\n<!-- \/ Yoast SEO plugin. -->","yoast_head_json":{"title":"Prim Rose \u010daj za DISAJNE ORGANE | Angine | Bronhitisa | Astme","description":"\u010daj za DISAJNE ORGANE olak\u0161avaju tegobe kod ka\u0161lja i poma\u017eu pri izbacivanju \u0161lajma iz plu\u0107a. Poma\u017ee kod prehlada, gripa, angine, upale plu\u0107a, bronhitisa","robots":{"index":"index","follow":"follow","max-snippet":"max-snippet:-1","max-image-preview":"max-image-preview:large","max-video-preview":"max-video-preview:-1"},"canonical":"https:\/\/primrosecajevi.rs\/en\/product\/caj-za-disajne-organe\/","og_locale":"en_US","og_type":"article","og_title":"Prim Rose \u010daj za DISAJNE ORGANE | Angine | Bronhitisa | Astme","og_description":"\u010daj za DISAJNE ORGANE olak\u0161avaju tegobe kod ka\u0161lja i poma\u017eu pri izbacivanju \u0161lajma iz plu\u0107a. Poma\u017ee kod prehlada, gripa, angine, upale plu\u0107a, bronhitisa","og_url":"https:\/\/primrosecajevi.rs\/en\/product\/caj-za-disajne-organe\/","og_site_name":"Prim Rose \u010cajevi","article_publisher":"https:\/\/www.facebook.com\/primrose.subotica\/","article_modified_time":"2026-03-03T08:39:45+00:00","og_image":[{"width":939,"height":939,"url":"https:\/\/primrosecajevi.rs\/wp-content\/uploads\/2023\/06\/03disajni.jpg","type":"image\/jpeg"}],"twitter_card":"summary_large_image","schema":{"@context":"https:\/\/schema.org","@graph":[{"@type":"WebPage","@id":"https:\/\/primrosecajevi.rs\/product\/caj-za-disajne-organe\/","url":"https:\/\/primrosecajevi.rs\/product\/caj-za-disajne-organe\/","name":"Prim Rose \u010daj za DISAJNE ORGANE | Angine | Bronhitisa | Astme","isPartOf":{"@id":"https:\/\/primrosecajevi.rs\/#website"},"primaryImageOfPage":{"@id":"https:\/\/primrosecajevi.rs\/product\/caj-za-disajne-organe\/#primaryimage"},"image":{"@id":"https:\/\/primrosecajevi.rs\/product\/caj-za-disajne-organe\/#primaryimage"},"thumbnailUrl":"https:\/\/primrosecajevi.rs\/wp-content\/uploads\/2023\/06\/03disajni.jpg","datePublished":"2023-06-02T11:01:31+00:00","dateModified":"2026-03-03T08:39:45+00:00","description":"\u010daj za DISAJNE ORGANE olak\u0161avaju tegobe kod ka\u0161lja i poma\u017eu pri izbacivanju \u0161lajma iz plu\u0107a. Poma\u017ee kod prehlada, gripa, angine, upale plu\u0107a, bronhitisa","breadcrumb":{"@id":"https:\/\/primrosecajevi.rs\/product\/caj-za-disajne-organe\/#breadcrumb"},"inLanguage":"en","potentialAction":[{"@type":"ReadAction","target":["https:\/\/primrosecajevi.rs\/product\/caj-za-disajne-organe\/"]}]},{"@type":"ImageObject","inLanguage":"en","@id":"https:\/\/primrosecajevi.rs\/product\/caj-za-disajne-organe\/#primaryimage","url":"https:\/\/primrosecajevi.rs\/wp-content\/uploads\/2023\/06\/03disajni.jpg","contentUrl":"https:\/\/primrosecajevi.rs\/wp-content\/uploads\/2023\/06\/03disajni.jpg","width":939,"height":939},{"@type":"BreadcrumbList","@id":"https:\/\/primrosecajevi.rs\/product\/caj-za-disajne-organe\/#breadcrumb","itemListElement":[{"@type":"ListItem","position":1,"name":"Home","item":"https:\/\/primrosecajevi.rs\/"},{"@type":"ListItem","position":2,"name":"Shop","item":"https:\/\/primrosecajevi.rs\/shop-2\/"},{"@type":"ListItem","position":3,"name":"\u010daj za DISAJNE ORGANE"}]},{"@type":"WebSite","@id":"https:\/\/primrosecajevi.rs\/#website","url":"https:\/\/primrosecajevi.rs\/","name":"Prim Rose \u010cajevi","description":"Prirodni put ka izle\u010denju","publisher":{"@id":"https:\/\/primrosecajevi.rs\/#organization"},"alternateName":"Prim Rose Elixiri","potentialAction":[{"@type":"SearchAction","target":{"@type":"EntryPoint","urlTemplate":"https:\/\/primrosecajevi.rs\/?s={search_term_string}"},"query-input":{"@type":"PropertyValueSpecification","valueRequired":true,"valueName":"search_term_string"}}],"inLanguage":"en"},{"@type":"Organization","@id":"https:\/\/primrosecajevi.rs\/#organization","name":"Prim Rose Cajevi","alternateName":"Prim Rose Elixiri","url":"https:\/\/primrosecajevi.rs\/","logo":{"@type":"ImageObject","inLanguage":"en","@id":"https:\/\/primrosecajevi.rs\/#\/schema\/logo\/image\/","url":"https:\/\/primrosecajevi.rs\/wp-content\/uploads\/2023\/06\/logooooo-300x300-1.png","contentUrl":"https:\/\/primrosecajevi.rs\/wp-content\/uploads\/2023\/06\/logooooo-300x300-1.png","width":300,"height":300,"caption":"Prim Rose Cajevi"},"image":{"@id":"https:\/\/primrosecajevi.rs\/#\/schema\/logo\/image\/"},"sameAs":["https:\/\/www.facebook.com\/primrose.subotica\/","https:\/\/www.instagram.com\/primrosecajevi\/"]}]}},"_links":{"self":[{"href":"https:\/\/primrosecajevi.rs\/en\/wp-json\/wp\/v2\/product\/78","targetHints":{"allow":["GET"]}}],"collection":[{"href":"https:\/\/primrosecajevi.rs\/en\/wp-json\/wp\/v2\/product"}],"about":[{"href":"https:\/\/primrosecajevi.rs\/en\/wp-json\/wp\/v2\/types\/product"}],"replies":[{"embeddable":true,"href":"https:\/\/primrosecajevi.rs\/en\/wp-json\/wp\/v2\/comments?post=78"}],"wp:featuredmedia":[{"embeddable":true,"href":"https:\/\/primrosecajevi.rs\/en\/wp-json\/wp\/v2\/media\/69"}],"wp:attachment":[{"href":"https:\/\/primrosecajevi.rs\/en\/wp-json\/wp\/v2\/media?parent=78"}],"wp:term":[{"taxonomy":"product_brand","embeddable":true,"href":"https:\/\/primrosecajevi.rs\/en\/wp-json\/wp\/v2\/product_brand?post=78"},{"taxonomy":"product_cat","embeddable":true,"href":"https:\/\/primrosecajevi.rs\/en\/wp-json\/wp\/v2\/product_cat?post=78"},{"taxonomy":"product_tag","embeddable":true,"href":"https:\/\/primrosecajevi.rs\/en\/wp-json\/wp\/v2\/product_tag?post=78"}],"curies":[{"name":"wp","href":"https:\/\/api.w.org\/{rel}","templated":true}]}}