{"id":66,"date":"2023-06-02T10:58:31","date_gmt":"2023-06-02T10:58:31","guid":{"rendered":"https:\/\/primrosecajevi.rs\/?post_type=product&#038;p=66"},"modified":"2026-03-03T08:40:08","modified_gmt":"2026-03-03T08:40:08","slug":"caj-protiv-parazita","status":"publish","type":"product","link":"https:\/\/primrosecajevi.rs\/en\/product\/caj-protiv-parazita\/","title":{"rendered":"\u010daj protiv PARAZITA"},"content":{"rendered":"<p>\ud83c\udf75 <strong data-start=\"108\" data-end=\"141\">PRIM ROSE \u010daj protiv parazita<\/strong><br \/>\nPrim Rose \u010daj protiv PARAZITA sastavljen od biljaka organskog porekla, \u010diji aktivni sastojci deluju pozitivno na na\u0161 imunitet. \u010ci\u0161\u0107enje od parazita se preporu\u010duje 2 puta godi\u0161nje.<\/p>\n<p>Prim Rose \u010daj protiv PARAZITA potpuno prirodna \u010dajna me\u0161avina koja uni\u0161tava sve poznate vrste parazita. Za razliku od klasi\u010dnih lekova koji uni\u0161tavaju crevnu floru i zahtevaju upotrebu probiotika, on radi isklju\u010divo u slu\u017ebi zdravlja i vitalnosti va\u0161eg organizma.<\/p>\n<p>\u010caj deluju antisepti\u010dno i antimikrobno na uzro\u010dnike crevnih infekcija.<\/p>\n<p data-start=\"105\" data-end=\"434\"><br data-start=\"141\" data-end=\"144\" \/>Paraziti u organizmu mogu izazvati brojne tegobe \u2013 od nadutosti, slabosti i probavnih smetnji, do nesanice i pada imuniteta. PRIM ROSE \u010daj protiv parazita osmi\u0161ljen je da ne\u017eno, ali efikasno, pro\u010disti creva i pomogne telu da se oslobodi ne\u017eeljenih gostiju, vra\u0107aju\u0107i energiju i ravnote\u017eu.<\/p>\n<p data-start=\"436\" data-end=\"838\">\u2728 <strong data-start=\"438\" data-end=\"494\">Dodatna podr\u0161ka \u2013 PRIM ROSE Elixir u maslinovom ulju<\/strong><br data-start=\"494\" data-end=\"497\" \/>Za potpuniji efekat preporu\u010duje se i <a class=\"decorated-link\" href=\"https:\/\/primrosecajevi.rs\/product\/prim-rose-elixir-u-maslinovom-ulju\/\" target=\"_new\" rel=\"noopener\" data-start=\"534\" data-end=\"641\">PRIM ROSE Elixir u maslinovom ulju<\/a>. Njegova sna\u017ena biljna formula dodatno ja\u010da imunitet i poma\u017ee organizmu da spre\u010di ponovne infekcije. Kombinacija \u010daja i Elixira deluje kao prirodan tandem za \u010di\u0161\u0107enje i za\u0161titu tela od parazita.<\/p>\n","protected":false},"excerpt":{"rendered":"<h3 class=\"\" data-start=\"0\" data-end=\"85\"><strong data-start=\"4\" data-end=\"83\">PRIM ROSE \u010cAJ PROTIV PARAZITA \u2013 PRIRODNO RE\u0160ENJE ZA DETOKSIKACIJU ORGANIZMA<\/strong><\/h3>\n<p class=\"\" data-start=\"87\" data-end=\"397\"><strong data-start=\"87\" data-end=\"147\">Elimini\u0161ite parazite i obnovite zdravlje svog organizma!<\/strong> PRIM ROSE \u010daj protiv <strong data-start=\"169\" data-end=\"181\">PARAZITA<\/strong> pa\u017eljivo je formulisan da <strong data-start=\"208\" data-end=\"272\">uni\u0161ti \u0161irok spektar parazita, o\u010disti creva i oja\u010da imunitet<\/strong>. Ova <strong data-start=\"278\" data-end=\"305\">prirodna \u010dajna me\u0161avina<\/strong> poma\u017ee organizmu da se oslobodi <strong data-start=\"338\" data-end=\"394\">\u0161tetnih mikroorganizama bez naru\u0161avanja crevne flore<\/strong>.<\/p>\n<h3 class=\"\" data-start=\"399\" data-end=\"435\"><strong data-start=\"403\" data-end=\"433\">Kako PRIM ROSE \u010daj poma\u017ee?<\/strong><\/h3>\n<p class=\"\" data-start=\"436\" data-end=\"570\">Njegovi <strong data-start=\"444\" data-end=\"469\">mo\u0107ni biljni sastojci<\/strong> deluju <strong data-start=\"477\" data-end=\"523\">antisepti\u010dno, antimikrobno i detoksikuju\u0107e<\/strong>, poma\u017eu\u0107i organizmu u borbi protiv parazita:<\/p>\n<p class=\"\" data-start=\"572\" data-end=\"1025\">\u2705 <strong data-start=\"574\" data-end=\"613\">Uni\u0161tava sve poznate vrste parazita<\/strong> \u2013 uklju\u010duju\u0107i askarise, ostritse, lamblije<br data-start=\"656\" data-end=\"659\" \/>\u2705 <strong data-start=\"661\" data-end=\"687\">\u010cisti creva od toksina<\/strong> \u2013 poma\u017ee u eliminaciji otpadnih materija koje ostavljaju paraziti<br data-start=\"753\" data-end=\"756\" \/>\u2705 <strong data-start=\"758\" data-end=\"801\">Podr\u017eava rad jetre i digestivnog trakta<\/strong> \u2013 smanjuje optere\u0107enje jetre i pobolj\u0161ava varenje<br data-start=\"851\" data-end=\"854\" \/>\u2705 <strong data-start=\"856\" data-end=\"894\">Smanjuje gasove, nadutost i gr\u010deve<\/strong> \u2013 umiruje crevnu sluzoko\u017eu i ubla\u017eava crevne infekcije<br data-start=\"949\" data-end=\"952\" \/>\u2705 <strong data-start=\"954\" data-end=\"971\">Ja\u010da imunitet<\/strong> \u2013 poma\u017ee organizmu da se odbrani od novih infekcija<\/p>\n<h3 class=\"\" data-start=\"1027\" data-end=\"1061\"><strong data-start=\"1031\" data-end=\"1059\">Kod kojih stanja poma\u017ee?<\/strong><\/h3>\n<p class=\"\" data-start=\"1062\" data-end=\"1510\">\ud83e\udda0 <strong data-start=\"1065\" data-end=\"1089\">Infekcije parazitima<\/strong> \u2013 efikasno elimini\u0161e crevne i organske parazite<br data-start=\"1137\" data-end=\"1140\" \/>\ud83e\udd22 <strong data-start=\"1143\" data-end=\"1167\">Problemi sa varenjem<\/strong> \u2013 smanjuje nadutost, gasove, dijareju i bolove u stomaku<br data-start=\"1224\" data-end=\"1227\" \/>\ud83e\ude78 <strong data-start=\"1230\" data-end=\"1255\">Osna\u017eivanje imuniteta<\/strong> \u2013 organizam ja\u010da i postaje otporniji na infekcije<br data-start=\"1305\" data-end=\"1308\" \/>\ud83e\udde0 <strong data-start=\"1311\" data-end=\"1341\">Hroni\u010dni umor i glavobolje<\/strong> \u2013 elimini\u0161e toksine koje paraziti lu\u010de i pobolj\u0161ava op\u0161te stanje organizma<br data-start=\"1416\" data-end=\"1419\" \/>\ud83c\udf3f <strong data-start=\"1422\" data-end=\"1456\">Preventivno \u010di\u0161\u0107enje organizma<\/strong> \u2013 preporu\u010duje se dva puta godi\u0161nje za detoksikaciju<\/p>\n<h3 class=\"\" data-start=\"1512\" data-end=\"1555\"><strong data-start=\"1516\" data-end=\"1553\">Za koga je PRIM ROSE \u010daj idealan?<\/strong><\/h3>\n<p class=\"\" data-start=\"1556\" data-end=\"1856\">\u2714 Osobe koje \u017eele <strong data-start=\"1574\" data-end=\"1628\">prirodno i efikasno \u010di\u0161\u0107enje organizma od parazita<\/strong><br data-start=\"1628\" data-end=\"1631\" \/>\u2714 One koje pate od <strong data-start=\"1650\" data-end=\"1726\">problema sa varenjem, gasovima, bolovima u stomaku i crevnim infekcijama<\/strong><br data-start=\"1726\" data-end=\"1729\" \/>\u2714 Osobe sa <strong data-start=\"1740\" data-end=\"1786\">oslabljnim imunitetom i \u010destim infekcijama<\/strong><br data-start=\"1786\" data-end=\"1789\" \/>\u2714 Ljude koji \u017eele <strong data-start=\"1807\" data-end=\"1854\">preventivnu detoksikaciju dva puta godi\u0161nje<\/strong><\/p>\n<h3 class=\"\" data-start=\"1858\" data-end=\"1892\"><strong data-start=\"1862\" data-end=\"1890\">Za\u0161to ba\u0161 PRIM ROSE \u010daj?<\/strong><\/h3>\n<p class=\"\" data-start=\"1893\" data-end=\"2141\">\ud83d\udc9a <strong data-start=\"1896\" data-end=\"1920\">100% prirodan sastav<\/strong> \u2013 ne remeti crevnu floru, ne zahteva upotrebu probiotika<br data-start=\"1977\" data-end=\"1980\" \/>\ud83e\ude7a <strong data-start=\"1983\" data-end=\"2045\">Razvijen od strane fitoterapeuta i zdravstvenih stru\u010dnjaka<\/strong><br data-start=\"2045\" data-end=\"2048\" \/>\ud83e\uded6 <strong data-start=\"2051\" data-end=\"2079\">Deluje blago, a efikasno<\/strong> \u2013 bez agresivnih nuspojava, za postepeno \u010di\u0161\u0107enje organizma<\/p>\n<p class=\"\" data-start=\"2143\" data-end=\"2269\">\ud83c\udf3f <strong data-start=\"2146\" data-end=\"2185\">O\u010distite telo i povratite energiju!<\/strong><br data-start=\"2185\" data-end=\"2188\" \/>\ud83d\udc49 <strong data-start=\"2191\" data-end=\"2269\" data-is-last-node=\"\">Poru\u010dite PRIM ROSE \u010daj protiv PARAZITA i obnovite zdravlje svog organizma!<\/strong><\/p>\n<p>&nbsp;<\/p>\n","protected":false},"featured_media":74,"comment_status":"open","ping_status":"closed","template":"","meta":{"site-sidebar-layout":"default","site-content-layout":"default","ast-site-content-layout":"default","site-content-style":"default","site-sidebar-style":"default","ast-global-header-display":"","ast-banner-title-visibility":"","ast-main-header-display":"","ast-hfb-above-header-display":"","ast-hfb-below-header-display":"","ast-hfb-mobile-header-display":"","site-post-title":"","ast-breadcrumbs-content":"","ast-featured-img":"","footer-sml-layout":"","theme-transparent-header-meta":"default","adv-header-id-meta":"","stick-header-meta":"","header-above-stick-meta":"","header-main-stick-meta":"","header-below-stick-meta":"","astra-migrate-meta-layouts":"set","ast-page-background-enabled":"default","ast-page-background-meta":{"desktop":{"background-color":"","background-image":"","background-repeat":"repeat","background-position":"center center","background-size":"auto","background-attachment":"scroll","background-type":"","background-media":"","overlay-type":"","overlay-color":"","overlay-opacity":"","overlay-gradient":""},"tablet":{"background-color":"","background-image":"","background-repeat":"repeat","background-position":"center center","background-size":"auto","background-attachment":"scroll","background-type":"","background-media":"","overlay-type":"","overlay-color":"","overlay-opacity":"","overlay-gradient":""},"mobile":{"background-color":"","background-image":"","background-repeat":"repeat","background-position":"center center","background-size":"auto","background-attachment":"scroll","background-type":"","background-media":"","overlay-type":"","overlay-color":"","overlay-opacity":"","overlay-gradient":""}},"ast-content-background-meta":{"desktop":{"background-color":"var(--ast-global-color-5)","background-image":"","background-repeat":"repeat","background-position":"center center","background-size":"auto","background-attachment":"scroll","background-type":"","background-media":"","overlay-type":"","overlay-color":"","overlay-opacity":"","overlay-gradient":""},"tablet":{"background-color":"var(--ast-global-color-5)","background-image":"","background-repeat":"repeat","background-position":"center center","background-size":"auto","background-attachment":"scroll","background-type":"","background-media":"","overlay-type":"","overlay-color":"","overlay-opacity":"","overlay-gradient":""},"mobile":{"background-color":"var(--ast-global-color-5)","background-image":"","background-repeat":"repeat","background-position":"center center","background-size":"auto","background-attachment":"scroll","background-type":"","background-media":"","overlay-type":"","overlay-color":"","overlay-opacity":"","overlay-gradient":""}}},"product_brand":[],"product_cat":[18],"product_tag":[],"class_list":{"0":"post-66","1":"product","2":"type-product","3":"status-publish","4":"has-post-thumbnail","6":"product_cat-cajevi","7":"desktop-align-center","8":"tablet-align-center","9":"mobile-align-center","11":"first","12":"instock","13":"shipping-taxable","14":"purchasable","15":"product-type-simple"},"yoast_head":"<!-- This site is optimized with the Yoast SEO plugin v27.3 - https:\/\/yoast.com\/product\/yoast-seo-wordpress\/ -->\n<title>Prim Rose \u010daj protiv PARAZITA | Askaris | Ostritsa | Lamblija |<\/title>\n<meta name=\"description\" content=\"PRIM ROSE \u010daj protiv PARAZITA. UZRO\u010cNICI: astme, glavobolja, alergije, artritis, anemija, upala jetre, anoreksija, bolesti srca, dijabetes, osteoporoza...\" \/>\n<meta name=\"robots\" content=\"index, follow, max-snippet:-1, max-image-preview:large, max-video-preview:-1\" \/>\n<link rel=\"canonical\" href=\"https:\/\/primrosecajevi.rs\/en\/product\/caj-protiv-parazita\/\" \/>\n<meta property=\"og:locale\" content=\"en_US\" \/>\n<meta property=\"og:type\" content=\"article\" \/>\n<meta property=\"og:title\" content=\"Prim Rose \u010daj protiv PARAZITA | Askaris | Ostritsa | Lamblija |\" \/>\n<meta property=\"og:description\" content=\"PRIM ROSE \u010daj protiv PARAZITA. UZRO\u010cNICI: astme, glavobolja, alergije, artritis, anemija, upala jetre, anoreksija, bolesti srca, dijabetes, osteoporoza...\" \/>\n<meta property=\"og:url\" content=\"https:\/\/primrosecajevi.rs\/en\/product\/caj-protiv-parazita\/\" \/>\n<meta property=\"og:site_name\" content=\"Prim Rose \u010cajevi\" \/>\n<meta property=\"article:publisher\" content=\"https:\/\/www.facebook.com\/primrose.subotica\/\" \/>\n<meta property=\"article:modified_time\" content=\"2026-03-03T08:40:08+00:00\" \/>\n<meta property=\"og:image\" content=\"https:\/\/primrosecajevi.rs\/wp-content\/uploads\/2023\/06\/parayyziti-scaled-1.jpg\" \/>\n\t<meta property=\"og:image:width\" content=\"2560\" \/>\n\t<meta property=\"og:image:height\" content=\"2560\" \/>\n\t<meta property=\"og:image:type\" content=\"image\/jpeg\" \/>\n<meta name=\"twitter:card\" content=\"summary_large_image\" \/>\n<script type=\"application\/ld+json\" class=\"yoast-schema-graph\">{\"@context\":\"https:\\\/\\\/schema.org\",\"@graph\":[{\"@type\":\"WebPage\",\"@id\":\"https:\\\/\\\/primrosecajevi.rs\\\/product\\\/caj-protiv-parazita\\\/\",\"url\":\"https:\\\/\\\/primrosecajevi.rs\\\/product\\\/caj-protiv-parazita\\\/\",\"name\":\"Prim Rose \u010daj protiv PARAZITA | Askaris | Ostritsa | Lamblija |\",\"isPartOf\":{\"@id\":\"https:\\\/\\\/primrosecajevi.rs\\\/#website\"},\"primaryImageOfPage\":{\"@id\":\"https:\\\/\\\/primrosecajevi.rs\\\/product\\\/caj-protiv-parazita\\\/#primaryimage\"},\"image\":{\"@id\":\"https:\\\/\\\/primrosecajevi.rs\\\/product\\\/caj-protiv-parazita\\\/#primaryimage\"},\"thumbnailUrl\":\"https:\\\/\\\/primrosecajevi.rs\\\/wp-content\\\/uploads\\\/2023\\\/06\\\/parayyziti-scaled-1.jpg\",\"datePublished\":\"2023-06-02T10:58:31+00:00\",\"dateModified\":\"2026-03-03T08:40:08+00:00\",\"description\":\"PRIM ROSE \u010daj protiv PARAZITA. UZRO\u010cNICI: astme, glavobolja, alergije, artritis, anemija, upala jetre, anoreksija, bolesti srca, dijabetes, osteoporoza...\",\"breadcrumb\":{\"@id\":\"https:\\\/\\\/primrosecajevi.rs\\\/product\\\/caj-protiv-parazita\\\/#breadcrumb\"},\"inLanguage\":\"en\",\"potentialAction\":[{\"@type\":\"ReadAction\",\"target\":[\"https:\\\/\\\/primrosecajevi.rs\\\/product\\\/caj-protiv-parazita\\\/\"]}]},{\"@type\":\"ImageObject\",\"inLanguage\":\"en\",\"@id\":\"https:\\\/\\\/primrosecajevi.rs\\\/product\\\/caj-protiv-parazita\\\/#primaryimage\",\"url\":\"https:\\\/\\\/primrosecajevi.rs\\\/wp-content\\\/uploads\\\/2023\\\/06\\\/parayyziti-scaled-1.jpg\",\"contentUrl\":\"https:\\\/\\\/primrosecajevi.rs\\\/wp-content\\\/uploads\\\/2023\\\/06\\\/parayyziti-scaled-1.jpg\",\"width\":2560,\"height\":2560,\"caption\":\"Top view orange colored water with tea herbs on sackcloth and gray wooden background. horizontal space for text\"},{\"@type\":\"BreadcrumbList\",\"@id\":\"https:\\\/\\\/primrosecajevi.rs\\\/product\\\/caj-protiv-parazita\\\/#breadcrumb\",\"itemListElement\":[{\"@type\":\"ListItem\",\"position\":1,\"name\":\"Home\",\"item\":\"https:\\\/\\\/primrosecajevi.rs\\\/\"},{\"@type\":\"ListItem\",\"position\":2,\"name\":\"Shop\",\"item\":\"https:\\\/\\\/primrosecajevi.rs\\\/shop-2\\\/\"},{\"@type\":\"ListItem\",\"position\":3,\"name\":\"\u010daj protiv PARAZITA\"}]},{\"@type\":\"WebSite\",\"@id\":\"https:\\\/\\\/primrosecajevi.rs\\\/#website\",\"url\":\"https:\\\/\\\/primrosecajevi.rs\\\/\",\"name\":\"Prim Rose \u010cajevi\",\"description\":\"Prirodni put ka izle\u010denju\",\"publisher\":{\"@id\":\"https:\\\/\\\/primrosecajevi.rs\\\/#organization\"},\"alternateName\":\"Prim Rose Elixiri\",\"potentialAction\":[{\"@type\":\"SearchAction\",\"target\":{\"@type\":\"EntryPoint\",\"urlTemplate\":\"https:\\\/\\\/primrosecajevi.rs\\\/?s={search_term_string}\"},\"query-input\":{\"@type\":\"PropertyValueSpecification\",\"valueRequired\":true,\"valueName\":\"search_term_string\"}}],\"inLanguage\":\"en\"},{\"@type\":\"Organization\",\"@id\":\"https:\\\/\\\/primrosecajevi.rs\\\/#organization\",\"name\":\"Prim Rose Cajevi\",\"alternateName\":\"Prim Rose Elixiri\",\"url\":\"https:\\\/\\\/primrosecajevi.rs\\\/\",\"logo\":{\"@type\":\"ImageObject\",\"inLanguage\":\"en\",\"@id\":\"https:\\\/\\\/primrosecajevi.rs\\\/#\\\/schema\\\/logo\\\/image\\\/\",\"url\":\"https:\\\/\\\/primrosecajevi.rs\\\/wp-content\\\/uploads\\\/2023\\\/06\\\/logooooo-300x300-1.png\",\"contentUrl\":\"https:\\\/\\\/primrosecajevi.rs\\\/wp-content\\\/uploads\\\/2023\\\/06\\\/logooooo-300x300-1.png\",\"width\":300,\"height\":300,\"caption\":\"Prim Rose Cajevi\"},\"image\":{\"@id\":\"https:\\\/\\\/primrosecajevi.rs\\\/#\\\/schema\\\/logo\\\/image\\\/\"},\"sameAs\":[\"https:\\\/\\\/www.facebook.com\\\/primrose.subotica\\\/\",\"https:\\\/\\\/www.instagram.com\\\/primrosecajevi\\\/\"]}]}<\/script>\n<!-- \/ Yoast SEO plugin. -->","yoast_head_json":{"title":"Prim Rose \u010daj protiv PARAZITA | Askaris | Ostritsa | Lamblija |","description":"PRIM ROSE \u010daj protiv PARAZITA. UZRO\u010cNICI: astme, glavobolja, alergije, artritis, anemija, upala jetre, anoreksija, bolesti srca, dijabetes, osteoporoza...","robots":{"index":"index","follow":"follow","max-snippet":"max-snippet:-1","max-image-preview":"max-image-preview:large","max-video-preview":"max-video-preview:-1"},"canonical":"https:\/\/primrosecajevi.rs\/en\/product\/caj-protiv-parazita\/","og_locale":"en_US","og_type":"article","og_title":"Prim Rose \u010daj protiv PARAZITA | Askaris | Ostritsa | Lamblija |","og_description":"PRIM ROSE \u010daj protiv PARAZITA. UZRO\u010cNICI: astme, glavobolja, alergije, artritis, anemija, upala jetre, anoreksija, bolesti srca, dijabetes, osteoporoza...","og_url":"https:\/\/primrosecajevi.rs\/en\/product\/caj-protiv-parazita\/","og_site_name":"Prim Rose \u010cajevi","article_publisher":"https:\/\/www.facebook.com\/primrose.subotica\/","article_modified_time":"2026-03-03T08:40:08+00:00","og_image":[{"width":2560,"height":2560,"url":"https:\/\/primrosecajevi.rs\/wp-content\/uploads\/2023\/06\/parayyziti-scaled-1.jpg","type":"image\/jpeg"}],"twitter_card":"summary_large_image","schema":{"@context":"https:\/\/schema.org","@graph":[{"@type":"WebPage","@id":"https:\/\/primrosecajevi.rs\/product\/caj-protiv-parazita\/","url":"https:\/\/primrosecajevi.rs\/product\/caj-protiv-parazita\/","name":"Prim Rose \u010daj protiv PARAZITA | Askaris | Ostritsa | Lamblija |","isPartOf":{"@id":"https:\/\/primrosecajevi.rs\/#website"},"primaryImageOfPage":{"@id":"https:\/\/primrosecajevi.rs\/product\/caj-protiv-parazita\/#primaryimage"},"image":{"@id":"https:\/\/primrosecajevi.rs\/product\/caj-protiv-parazita\/#primaryimage"},"thumbnailUrl":"https:\/\/primrosecajevi.rs\/wp-content\/uploads\/2023\/06\/parayyziti-scaled-1.jpg","datePublished":"2023-06-02T10:58:31+00:00","dateModified":"2026-03-03T08:40:08+00:00","description":"PRIM ROSE \u010daj protiv PARAZITA. UZRO\u010cNICI: astme, glavobolja, alergije, artritis, anemija, upala jetre, anoreksija, bolesti srca, dijabetes, osteoporoza...","breadcrumb":{"@id":"https:\/\/primrosecajevi.rs\/product\/caj-protiv-parazita\/#breadcrumb"},"inLanguage":"en","potentialAction":[{"@type":"ReadAction","target":["https:\/\/primrosecajevi.rs\/product\/caj-protiv-parazita\/"]}]},{"@type":"ImageObject","inLanguage":"en","@id":"https:\/\/primrosecajevi.rs\/product\/caj-protiv-parazita\/#primaryimage","url":"https:\/\/primrosecajevi.rs\/wp-content\/uploads\/2023\/06\/parayyziti-scaled-1.jpg","contentUrl":"https:\/\/primrosecajevi.rs\/wp-content\/uploads\/2023\/06\/parayyziti-scaled-1.jpg","width":2560,"height":2560,"caption":"Top view orange colored water with tea herbs on sackcloth and gray wooden background. horizontal space for text"},{"@type":"BreadcrumbList","@id":"https:\/\/primrosecajevi.rs\/product\/caj-protiv-parazita\/#breadcrumb","itemListElement":[{"@type":"ListItem","position":1,"name":"Home","item":"https:\/\/primrosecajevi.rs\/"},{"@type":"ListItem","position":2,"name":"Shop","item":"https:\/\/primrosecajevi.rs\/shop-2\/"},{"@type":"ListItem","position":3,"name":"\u010daj protiv PARAZITA"}]},{"@type":"WebSite","@id":"https:\/\/primrosecajevi.rs\/#website","url":"https:\/\/primrosecajevi.rs\/","name":"Prim Rose \u010cajevi","description":"Prirodni put ka izle\u010denju","publisher":{"@id":"https:\/\/primrosecajevi.rs\/#organization"},"alternateName":"Prim Rose Elixiri","potentialAction":[{"@type":"SearchAction","target":{"@type":"EntryPoint","urlTemplate":"https:\/\/primrosecajevi.rs\/?s={search_term_string}"},"query-input":{"@type":"PropertyValueSpecification","valueRequired":true,"valueName":"search_term_string"}}],"inLanguage":"en"},{"@type":"Organization","@id":"https:\/\/primrosecajevi.rs\/#organization","name":"Prim Rose Cajevi","alternateName":"Prim Rose Elixiri","url":"https:\/\/primrosecajevi.rs\/","logo":{"@type":"ImageObject","inLanguage":"en","@id":"https:\/\/primrosecajevi.rs\/#\/schema\/logo\/image\/","url":"https:\/\/primrosecajevi.rs\/wp-content\/uploads\/2023\/06\/logooooo-300x300-1.png","contentUrl":"https:\/\/primrosecajevi.rs\/wp-content\/uploads\/2023\/06\/logooooo-300x300-1.png","width":300,"height":300,"caption":"Prim Rose Cajevi"},"image":{"@id":"https:\/\/primrosecajevi.rs\/#\/schema\/logo\/image\/"},"sameAs":["https:\/\/www.facebook.com\/primrose.subotica\/","https:\/\/www.instagram.com\/primrosecajevi\/"]}]}},"_links":{"self":[{"href":"https:\/\/primrosecajevi.rs\/en\/wp-json\/wp\/v2\/product\/66","targetHints":{"allow":["GET"]}}],"collection":[{"href":"https:\/\/primrosecajevi.rs\/en\/wp-json\/wp\/v2\/product"}],"about":[{"href":"https:\/\/primrosecajevi.rs\/en\/wp-json\/wp\/v2\/types\/product"}],"replies":[{"embeddable":true,"href":"https:\/\/primrosecajevi.rs\/en\/wp-json\/wp\/v2\/comments?post=66"}],"wp:featuredmedia":[{"embeddable":true,"href":"https:\/\/primrosecajevi.rs\/en\/wp-json\/wp\/v2\/media\/74"}],"wp:attachment":[{"href":"https:\/\/primrosecajevi.rs\/en\/wp-json\/wp\/v2\/media?parent=66"}],"wp:term":[{"taxonomy":"product_brand","embeddable":true,"href":"https:\/\/primrosecajevi.rs\/en\/wp-json\/wp\/v2\/product_brand?post=66"},{"taxonomy":"product_cat","embeddable":true,"href":"https:\/\/primrosecajevi.rs\/en\/wp-json\/wp\/v2\/product_cat?post=66"},{"taxonomy":"product_tag","embeddable":true,"href":"https:\/\/primrosecajevi.rs\/en\/wp-json\/wp\/v2\/product_tag?post=66"}],"curies":[{"name":"wp","href":"https:\/\/api.w.org\/{rel}","templated":true}]}}