{"id":222,"date":"2023-06-02T13:43:49","date_gmt":"2023-06-02T13:43:49","guid":{"rendered":"https:\/\/primrosecajevi.rs\/?post_type=product&#038;p=222"},"modified":"2026-03-03T08:37:57","modified_gmt":"2026-03-03T08:37:57","slug":"prim-rose-elixir-u-maslinovom-ulju","status":"publish","type":"product","link":"https:\/\/primrosecajevi.rs\/en\/product\/prim-rose-elixir-u-maslinovom-ulju\/","title":{"rendered":"PRIM ROSE ELIXIR &#8211; dijetetski proizvod &#8211; na\u010dinjen od lekovitog bilja u maslinovom ulju"},"content":{"rendered":"<p>Uspe\u0161no pospe\u0161uje br\u017ee zarastanje rana i opekotina. Pobolj\u0161ava op\u0161te stanje ko\u017ee kod raznih hroni\u010dnih problema ko\u017ee (alergije, ekcemi, pigmentacije, akne, rane, opekotine ). Reguli\u0161e hormonalni disbalans, poma\u017ee funkcije mozga, smanjuje holesterol, smanjuje pritisak, pms simptoma, slabog rada \u0161titne \u017elezde, \u010di\u0161\u0107enju jetre\u2026<\/p>\n<p><strong>Sadr\u017eaj i primena:<\/strong>\u00a0 Gama-linolenska kiselina koja je u njegovom sastavu, ja\u010da imuni sistem, reguli\u0161e sekreciju i sintezu hormona i \u0161titi \u0107elije od o\u0161te\u0107enja i prevremenog starenja.Alfa-linolenska kiselina koju na\u0161 organizam nije u stanju samostalno da proizvede, \u201chrani mozak\u201c, oja\u010dava nerve, \u0161titi celokupan kardiovaskularni sitem i krvne sudove. Od ostalih sastojaka sadr\u017ei\u00a0 i amino kiseline, kalcijum, gvo\u017e\u0111e, magnezijum, fosfor, kalijum, cink i vitamin E.<\/p>\n<p>ELIXIR se koristi u sni\u017eavanju holesterola, kod dijabetesa svih oblika, hiperaktivnosti dece, ateroskleroti\u010dnih promena , u pobolj\u0161anju funkcije mozga, anaksioznosti i straha, slabog rada \u0161titne \u017ele\u017ede, posledice zra\u010denja, angine pektoris, HIV-a, Parkinsonove bolesti, le\u010di bolove u \u017eeludcu i abdomenu, poma\u017ee u le\u010denju multiple skleroze. Uspe\u0161no pospe\u0161uje br\u017ee zarastanje rana i opekotina. Pobolj\u0161ava op\u0161te stanje ko\u017ee kod raznih hroni\u010dnih problema ko\u017ee (alergije, ekcemi, pigmentacije, akne, rane, opekotine ). Reguli\u0161e hormonalni disbalans, poma\u017ee funkcije mozga, smanjuje holesterol, smanjuje pritisak,\u00a0 pms simptoma, slabog rada \u0161titne \u017elezde, \u010di\u0161\u0107enju jetre\u2026<\/p>\n","protected":false},"excerpt":{"rendered":"<p>ELIXIR se koristi u sni\u017eavanju holesterola, kod dijabetesa svih oblika, hiperaktivnosti dece, ateroskleroti\u010dnih promena , u pobolj\u0161anju funkcije mozga, anaksioznosti i straha, slabog rada \u0161titne \u017ele\u017ede, posledice zra\u010denja, angine pektoris, HIV-a, Parkinsonove bolesti, le\u010di bolove u \u017eeludcu i abdomenu, poma\u017ee u le\u010denju multiple skleroze.<\/p>\n","protected":false},"featured_media":223,"comment_status":"open","ping_status":"closed","template":"","meta":{"site-sidebar-layout":"default","site-content-layout":"default","ast-site-content-layout":"default","site-content-style":"default","site-sidebar-style":"default","ast-global-header-display":"","ast-banner-title-visibility":"","ast-main-header-display":"","ast-hfb-above-header-display":"","ast-hfb-below-header-display":"","ast-hfb-mobile-header-display":"","site-post-title":"","ast-breadcrumbs-content":"","ast-featured-img":"","footer-sml-layout":"","theme-transparent-header-meta":"default","adv-header-id-meta":"","stick-header-meta":"","header-above-stick-meta":"","header-main-stick-meta":"","header-below-stick-meta":"","astra-migrate-meta-layouts":"set","ast-page-background-enabled":"default","ast-page-background-meta":{"desktop":{"background-color":"","background-image":"","background-repeat":"repeat","background-position":"center center","background-size":"auto","background-attachment":"scroll","background-type":"","background-media":"","overlay-type":"","overlay-color":"","overlay-opacity":"","overlay-gradient":""},"tablet":{"background-color":"","background-image":"","background-repeat":"repeat","background-position":"center center","background-size":"auto","background-attachment":"scroll","background-type":"","background-media":"","overlay-type":"","overlay-color":"","overlay-opacity":"","overlay-gradient":""},"mobile":{"background-color":"","background-image":"","background-repeat":"repeat","background-position":"center center","background-size":"auto","background-attachment":"scroll","background-type":"","background-media":"","overlay-type":"","overlay-color":"","overlay-opacity":"","overlay-gradient":""}},"ast-content-background-meta":{"desktop":{"background-color":"var(--ast-global-color-5)","background-image":"","background-repeat":"repeat","background-position":"center center","background-size":"auto","background-attachment":"scroll","background-type":"","background-media":"","overlay-type":"","overlay-color":"","overlay-opacity":"","overlay-gradient":""},"tablet":{"background-color":"var(--ast-global-color-5)","background-image":"","background-repeat":"repeat","background-position":"center center","background-size":"auto","background-attachment":"scroll","background-type":"","background-media":"","overlay-type":"","overlay-color":"","overlay-opacity":"","overlay-gradient":""},"mobile":{"background-color":"var(--ast-global-color-5)","background-image":"","background-repeat":"repeat","background-position":"center center","background-size":"auto","background-attachment":"scroll","background-type":"","background-media":"","overlay-type":"","overlay-color":"","overlay-opacity":"","overlay-gradient":""}}},"product_brand":[],"product_cat":[20],"product_tag":[],"class_list":{"0":"post-222","1":"product","2":"type-product","3":"status-publish","4":"has-post-thumbnail","6":"product_cat-elixirs","7":"desktop-align-center","8":"tablet-align-center","9":"mobile-align-center","11":"first","12":"instock","13":"shipping-taxable","14":"purchasable","15":"product-type-simple"},"yoast_head":"<!-- This site is optimized with the Yoast SEO plugin v27.4 - https:\/\/yoast.com\/product\/yoast-seo-wordpress\/ -->\n<title>Prim Rose ELIXIR u medu | IMUNITET | ASTMA | ALERGIJE |<\/title>\n<meta name=\"description\" content=\"ELIXIR se koristi u sni\u017eavanju holesterola, kod dijabetesa, poreme\u0107aj imuniteta, astma, alergije, cirkulaciju krvi, reumatski artritis, PMS\" \/>\n<meta name=\"robots\" content=\"index, follow, max-snippet:-1, max-image-preview:large, max-video-preview:-1\" \/>\n<link rel=\"canonical\" href=\"https:\/\/primrosecajevi.rs\/en\/product\/prim-rose-elixir-u-maslinovom-ulju\/\" \/>\n<meta property=\"og:locale\" content=\"en_US\" \/>\n<meta property=\"og:type\" content=\"article\" \/>\n<meta property=\"og:title\" content=\"Prim Rose ELIXIR u medu | IMUNITET | ASTMA | ALERGIJE |\" \/>\n<meta property=\"og:description\" content=\"ELIXIR se koristi u sni\u017eavanju holesterola, kod dijabetesa, poreme\u0107aj imuniteta, astma, alergije, cirkulaciju krvi, reumatski artritis, PMS\" \/>\n<meta property=\"og:url\" content=\"https:\/\/primrosecajevi.rs\/en\/product\/prim-rose-elixir-u-maslinovom-ulju\/\" \/>\n<meta property=\"og:site_name\" content=\"Prim Rose \u010cajevi\" \/>\n<meta property=\"article:publisher\" content=\"https:\/\/www.facebook.com\/primrose.subotica\/\" \/>\n<meta property=\"article:modified_time\" content=\"2026-03-03T08:37:57+00:00\" \/>\n<meta property=\"og:image\" content=\"https:\/\/primrosecajevi.rs\/wp-content\/uploads\/2023\/06\/IMG_6935-2-scaled-1.jpg\" \/>\n\t<meta property=\"og:image:width\" content=\"2145\" \/>\n\t<meta property=\"og:image:height\" content=\"2560\" \/>\n\t<meta property=\"og:image:type\" content=\"image\/jpeg\" \/>\n<meta name=\"twitter:card\" content=\"summary_large_image\" \/>\n<script type=\"application\/ld+json\" class=\"yoast-schema-graph\">{\"@context\":\"https:\\\/\\\/schema.org\",\"@graph\":[{\"@type\":\"WebPage\",\"@id\":\"https:\\\/\\\/primrosecajevi.rs\\\/product\\\/prim-rose-elixir-u-maslinovom-ulju\\\/\",\"url\":\"https:\\\/\\\/primrosecajevi.rs\\\/product\\\/prim-rose-elixir-u-maslinovom-ulju\\\/\",\"name\":\"Prim Rose ELIXIR u medu | IMUNITET | ASTMA | ALERGIJE |\",\"isPartOf\":{\"@id\":\"https:\\\/\\\/primrosecajevi.rs\\\/#website\"},\"primaryImageOfPage\":{\"@id\":\"https:\\\/\\\/primrosecajevi.rs\\\/product\\\/prim-rose-elixir-u-maslinovom-ulju\\\/#primaryimage\"},\"image\":{\"@id\":\"https:\\\/\\\/primrosecajevi.rs\\\/product\\\/prim-rose-elixir-u-maslinovom-ulju\\\/#primaryimage\"},\"thumbnailUrl\":\"https:\\\/\\\/primrosecajevi.rs\\\/wp-content\\\/uploads\\\/2023\\\/06\\\/IMG_6935-2-scaled-1.jpg\",\"datePublished\":\"2023-06-02T13:43:49+00:00\",\"dateModified\":\"2026-03-03T08:37:57+00:00\",\"description\":\"ELIXIR se koristi u sni\u017eavanju holesterola, kod dijabetesa, poreme\u0107aj imuniteta, astma, alergije, cirkulaciju krvi, reumatski artritis, PMS\",\"breadcrumb\":{\"@id\":\"https:\\\/\\\/primrosecajevi.rs\\\/product\\\/prim-rose-elixir-u-maslinovom-ulju\\\/#breadcrumb\"},\"inLanguage\":\"en\",\"potentialAction\":[{\"@type\":\"ReadAction\",\"target\":[\"https:\\\/\\\/primrosecajevi.rs\\\/product\\\/prim-rose-elixir-u-maslinovom-ulju\\\/\"]}]},{\"@type\":\"ImageObject\",\"inLanguage\":\"en\",\"@id\":\"https:\\\/\\\/primrosecajevi.rs\\\/product\\\/prim-rose-elixir-u-maslinovom-ulju\\\/#primaryimage\",\"url\":\"https:\\\/\\\/primrosecajevi.rs\\\/wp-content\\\/uploads\\\/2023\\\/06\\\/IMG_6935-2-scaled-1.jpg\",\"contentUrl\":\"https:\\\/\\\/primrosecajevi.rs\\\/wp-content\\\/uploads\\\/2023\\\/06\\\/IMG_6935-2-scaled-1.jpg\",\"width\":2145,\"height\":2560,\"caption\":\"PRIM ROSE ELIXIR - dijetetski proizvod - na\u010dinjen od lekovitog bilja u ulju\"},{\"@type\":\"BreadcrumbList\",\"@id\":\"https:\\\/\\\/primrosecajevi.rs\\\/product\\\/prim-rose-elixir-u-maslinovom-ulju\\\/#breadcrumb\",\"itemListElement\":[{\"@type\":\"ListItem\",\"position\":1,\"name\":\"Home\",\"item\":\"https:\\\/\\\/primrosecajevi.rs\\\/\"},{\"@type\":\"ListItem\",\"position\":2,\"name\":\"Shop\",\"item\":\"https:\\\/\\\/primrosecajevi.rs\\\/shop-2\\\/\"},{\"@type\":\"ListItem\",\"position\":3,\"name\":\"PRIM ROSE ELIXIR &#8211; dijetetski proizvod &#8211; na\u010dinjen od lekovitog bilja u maslinovom ulju\"}]},{\"@type\":\"WebSite\",\"@id\":\"https:\\\/\\\/primrosecajevi.rs\\\/#website\",\"url\":\"https:\\\/\\\/primrosecajevi.rs\\\/\",\"name\":\"Prim Rose \u010cajevi\",\"description\":\"Prirodni put ka izle\u010denju\",\"publisher\":{\"@id\":\"https:\\\/\\\/primrosecajevi.rs\\\/#organization\"},\"alternateName\":\"Prim Rose Elixiri\",\"potentialAction\":[{\"@type\":\"SearchAction\",\"target\":{\"@type\":\"EntryPoint\",\"urlTemplate\":\"https:\\\/\\\/primrosecajevi.rs\\\/?s={search_term_string}\"},\"query-input\":{\"@type\":\"PropertyValueSpecification\",\"valueRequired\":true,\"valueName\":\"search_term_string\"}}],\"inLanguage\":\"en\"},{\"@type\":\"Organization\",\"@id\":\"https:\\\/\\\/primrosecajevi.rs\\\/#organization\",\"name\":\"Prim Rose Cajevi\",\"alternateName\":\"Prim Rose Elixiri\",\"url\":\"https:\\\/\\\/primrosecajevi.rs\\\/\",\"logo\":{\"@type\":\"ImageObject\",\"inLanguage\":\"en\",\"@id\":\"https:\\\/\\\/primrosecajevi.rs\\\/#\\\/schema\\\/logo\\\/image\\\/\",\"url\":\"https:\\\/\\\/primrosecajevi.rs\\\/wp-content\\\/uploads\\\/2023\\\/06\\\/logooooo-300x300-1.png\",\"contentUrl\":\"https:\\\/\\\/primrosecajevi.rs\\\/wp-content\\\/uploads\\\/2023\\\/06\\\/logooooo-300x300-1.png\",\"width\":300,\"height\":300,\"caption\":\"Prim Rose Cajevi\"},\"image\":{\"@id\":\"https:\\\/\\\/primrosecajevi.rs\\\/#\\\/schema\\\/logo\\\/image\\\/\"},\"sameAs\":[\"https:\\\/\\\/www.facebook.com\\\/primrose.subotica\\\/\",\"https:\\\/\\\/www.instagram.com\\\/primrosecajevi\\\/\"]}]}<\/script>\n<!-- \/ Yoast SEO plugin. -->","yoast_head_json":{"title":"Prim Rose ELIXIR u medu | IMUNITET | ASTMA | ALERGIJE |","description":"ELIXIR se koristi u sni\u017eavanju holesterola, kod dijabetesa, poreme\u0107aj imuniteta, astma, alergije, cirkulaciju krvi, reumatski artritis, PMS","robots":{"index":"index","follow":"follow","max-snippet":"max-snippet:-1","max-image-preview":"max-image-preview:large","max-video-preview":"max-video-preview:-1"},"canonical":"https:\/\/primrosecajevi.rs\/en\/product\/prim-rose-elixir-u-maslinovom-ulju\/","og_locale":"en_US","og_type":"article","og_title":"Prim Rose ELIXIR u medu | IMUNITET | ASTMA | ALERGIJE |","og_description":"ELIXIR se koristi u sni\u017eavanju holesterola, kod dijabetesa, poreme\u0107aj imuniteta, astma, alergije, cirkulaciju krvi, reumatski artritis, PMS","og_url":"https:\/\/primrosecajevi.rs\/en\/product\/prim-rose-elixir-u-maslinovom-ulju\/","og_site_name":"Prim Rose \u010cajevi","article_publisher":"https:\/\/www.facebook.com\/primrose.subotica\/","article_modified_time":"2026-03-03T08:37:57+00:00","og_image":[{"width":2145,"height":2560,"url":"https:\/\/primrosecajevi.rs\/wp-content\/uploads\/2023\/06\/IMG_6935-2-scaled-1.jpg","type":"image\/jpeg"}],"twitter_card":"summary_large_image","schema":{"@context":"https:\/\/schema.org","@graph":[{"@type":"WebPage","@id":"https:\/\/primrosecajevi.rs\/product\/prim-rose-elixir-u-maslinovom-ulju\/","url":"https:\/\/primrosecajevi.rs\/product\/prim-rose-elixir-u-maslinovom-ulju\/","name":"Prim Rose ELIXIR u medu | IMUNITET | ASTMA | ALERGIJE |","isPartOf":{"@id":"https:\/\/primrosecajevi.rs\/#website"},"primaryImageOfPage":{"@id":"https:\/\/primrosecajevi.rs\/product\/prim-rose-elixir-u-maslinovom-ulju\/#primaryimage"},"image":{"@id":"https:\/\/primrosecajevi.rs\/product\/prim-rose-elixir-u-maslinovom-ulju\/#primaryimage"},"thumbnailUrl":"https:\/\/primrosecajevi.rs\/wp-content\/uploads\/2023\/06\/IMG_6935-2-scaled-1.jpg","datePublished":"2023-06-02T13:43:49+00:00","dateModified":"2026-03-03T08:37:57+00:00","description":"ELIXIR se koristi u sni\u017eavanju holesterola, kod dijabetesa, poreme\u0107aj imuniteta, astma, alergije, cirkulaciju krvi, reumatski artritis, PMS","breadcrumb":{"@id":"https:\/\/primrosecajevi.rs\/product\/prim-rose-elixir-u-maslinovom-ulju\/#breadcrumb"},"inLanguage":"en","potentialAction":[{"@type":"ReadAction","target":["https:\/\/primrosecajevi.rs\/product\/prim-rose-elixir-u-maslinovom-ulju\/"]}]},{"@type":"ImageObject","inLanguage":"en","@id":"https:\/\/primrosecajevi.rs\/product\/prim-rose-elixir-u-maslinovom-ulju\/#primaryimage","url":"https:\/\/primrosecajevi.rs\/wp-content\/uploads\/2023\/06\/IMG_6935-2-scaled-1.jpg","contentUrl":"https:\/\/primrosecajevi.rs\/wp-content\/uploads\/2023\/06\/IMG_6935-2-scaled-1.jpg","width":2145,"height":2560,"caption":"PRIM ROSE ELIXIR - dijetetski proizvod - na\u010dinjen od lekovitog bilja u ulju"},{"@type":"BreadcrumbList","@id":"https:\/\/primrosecajevi.rs\/product\/prim-rose-elixir-u-maslinovom-ulju\/#breadcrumb","itemListElement":[{"@type":"ListItem","position":1,"name":"Home","item":"https:\/\/primrosecajevi.rs\/"},{"@type":"ListItem","position":2,"name":"Shop","item":"https:\/\/primrosecajevi.rs\/shop-2\/"},{"@type":"ListItem","position":3,"name":"PRIM ROSE ELIXIR &#8211; dijetetski proizvod &#8211; na\u010dinjen od lekovitog bilja u maslinovom ulju"}]},{"@type":"WebSite","@id":"https:\/\/primrosecajevi.rs\/#website","url":"https:\/\/primrosecajevi.rs\/","name":"Prim Rose \u010cajevi","description":"Prirodni put ka izle\u010denju","publisher":{"@id":"https:\/\/primrosecajevi.rs\/#organization"},"alternateName":"Prim Rose Elixiri","potentialAction":[{"@type":"SearchAction","target":{"@type":"EntryPoint","urlTemplate":"https:\/\/primrosecajevi.rs\/?s={search_term_string}"},"query-input":{"@type":"PropertyValueSpecification","valueRequired":true,"valueName":"search_term_string"}}],"inLanguage":"en"},{"@type":"Organization","@id":"https:\/\/primrosecajevi.rs\/#organization","name":"Prim Rose Cajevi","alternateName":"Prim Rose Elixiri","url":"https:\/\/primrosecajevi.rs\/","logo":{"@type":"ImageObject","inLanguage":"en","@id":"https:\/\/primrosecajevi.rs\/#\/schema\/logo\/image\/","url":"https:\/\/primrosecajevi.rs\/wp-content\/uploads\/2023\/06\/logooooo-300x300-1.png","contentUrl":"https:\/\/primrosecajevi.rs\/wp-content\/uploads\/2023\/06\/logooooo-300x300-1.png","width":300,"height":300,"caption":"Prim Rose Cajevi"},"image":{"@id":"https:\/\/primrosecajevi.rs\/#\/schema\/logo\/image\/"},"sameAs":["https:\/\/www.facebook.com\/primrose.subotica\/","https:\/\/www.instagram.com\/primrosecajevi\/"]}]}},"_links":{"self":[{"href":"https:\/\/primrosecajevi.rs\/en\/wp-json\/wp\/v2\/product\/222","targetHints":{"allow":["GET"]}}],"collection":[{"href":"https:\/\/primrosecajevi.rs\/en\/wp-json\/wp\/v2\/product"}],"about":[{"href":"https:\/\/primrosecajevi.rs\/en\/wp-json\/wp\/v2\/types\/product"}],"replies":[{"embeddable":true,"href":"https:\/\/primrosecajevi.rs\/en\/wp-json\/wp\/v2\/comments?post=222"}],"wp:featuredmedia":[{"embeddable":true,"href":"https:\/\/primrosecajevi.rs\/en\/wp-json\/wp\/v2\/media\/223"}],"wp:attachment":[{"href":"https:\/\/primrosecajevi.rs\/en\/wp-json\/wp\/v2\/media?parent=222"}],"wp:term":[{"taxonomy":"product_brand","embeddable":true,"href":"https:\/\/primrosecajevi.rs\/en\/wp-json\/wp\/v2\/product_brand?post=222"},{"taxonomy":"product_cat","embeddable":true,"href":"https:\/\/primrosecajevi.rs\/en\/wp-json\/wp\/v2\/product_cat?post=222"},{"taxonomy":"product_tag","embeddable":true,"href":"https:\/\/primrosecajevi.rs\/en\/wp-json\/wp\/v2\/product_tag?post=222"}],"curies":[{"name":"wp","href":"https:\/\/api.w.org\/{rel}","templated":true}]}}